{"id":398,"date":"2017-05-04T13:53:55","date_gmt":"2017-05-04T13:53:55","guid":{"rendered":"https:\/\/mood-saintlaurent.com\/home"},"modified":"2026-02-02T11:32:06","modified_gmt":"2026-02-02T10:32:06","slug":"home","status":"publish","type":"page","link":"https:\/\/mood-saintlaurent.com\/fr\/","title":{"rendered":"Accueil"},"content":{"rendered":"\n<p><strong>Bienvenue<\/strong><\/p>\n\n\n\n<p>Au restaurant <a href=\"https:\/\/mood-saintlaurent.com\/une-histoire-de-famille-et-d-amitie\/\">MOOD<\/a><\/p>\n\n\n\n<p><em>\u00ab&nbsp;Nous avons pens\u00e9 ce lieu comme nous aimons les trouver, une ambiance d\u00e9tendue loin des clich\u00e9s de la C\u00f4te d\u2019Azur, une cuisine fa\u00e7on bistronomie qui conjugue le bon go\u00fbt des produits frais et locaux avec une cuisine m\u00e9diterran\u00e9enne contemporaine.&nbsp;\u00bb <\/em><\/p>\n\n\n\n<p>Le restaurant MOOD est le fruit d\u2019une histoire de copains, de familles. Notre ambition n\u2019est pas de devenir le dernier endroit \u00e0 la mode mais un lieu convivial o\u00f9 il est bon de se retrouver autour de belles assiettes et de bons vins. Et o\u00f9 chacun a plaisir de partager une planche de tapas maison sur fond musical en after work. L\u2019ambiance \u00e9volue et s\u2019adapte, au fils des heures et des jours de la semaine, au MOOD de sa client\u00e8le.<\/p>\n\n\n\n<p><strong>Restaurant<\/strong><\/p>\n\n\n\n<p><em>MENU<\/em><\/p>\n\n\n\n<p>Notre chef Fabio Mera, a con\u00e7u une carte bistronomique d\u2019inspiration m\u00e9diterran\u00e9enne, 100% fait maison. Ses recettes sont revisit\u00e9es avec la technique et la rigueur de la cuisine gastronomique et surtout avec des produits locaux, frais, simples et bons. Chaque jour le chef vous propose \u00e0 l\u2019ardoise sa s\u00e9lection issue des arrivages du matin m\u00eame et de ses envies.&nbsp;<\/p>\n\n\n\n<p><em>\u00ab On vient dans notre restaurant MOOD pour bien manger et se d\u00e9tendre, et c\u2019est l\u00e0 que la bistronomie prend tout son sens \u00bb<\/em><\/p>\n\n\n\n<p>Chaque moment de la semaine a son MOOD&nbsp;!&nbsp;<\/p>\n\n\n\n<p>Notre restaurant vit et s\u2019adapte \u00e0 vos envies, si la cuisine reste toujours excellente, le contenu de l\u2019ardoise et l\u2019ambiance varient selon les moments de la semaine et vous aurez l\u2019impression de vivre une exp\u00e9rience nouvelle \u00e0 chacune de vos venues.<\/p>\n\n\n\n<p>Le midi, plut\u00f4t press\u00e9&nbsp;ou en r\u00e9union d\u2019affaire&nbsp;?<\/p>\n\n\n\n<p>Notre super \u00e9quipe sait r\u00e9pondre avec brio \u00e0 vos besoins, une cuisine l\u00e9g\u00e8re, un service rapide, une table dress\u00e9e \u00e0 l\u2019\u00e9cart pour plus de tranquillit\u00e9. Et vous pourrez d\u00e9guster, en dessert l\u00e9ger, une des glaces maison de notre chef&nbsp;!<\/p>\n\n\n\n<p>En fin de journ\u00e9e, c\u2019est l\u2019after work&nbsp;: on se d\u00e9tend !<\/p>\n\n\n\n<p>Entre coll\u00e8gues ou amis, la fin de journ\u00e9e est propice \u00e0 la convivialit\u00e9 autour d\u2019assiettes de tapas maison sur fond de musique d\u2019ambiance&nbsp;: venez-vous faire cocooner chez nous.<\/p>\n\n\n\n<p>Le week-end, on d\u00e9compresse&nbsp;dans une ambiance lounge !<\/p>\n\n\n\n<p>En couple, en famille ou entre amis venez profiter d\u2019un moment chaleureux autour d\u2019un d\u00e9licieux repas. Et si le c\u0153ur vous en dit, en fin de soir\u00e9e lorsque le DJ montera un peu le son, laissez-vous ambiancer et dansez autour des tables.<\/p>\n","protected":false},"excerpt":{"rendered":"<p>Bienvenue Au restaurant MOOD \u00ab&nbsp;Nous avons pens\u00e9 ce lieu comme nous aimons les trouver, une ambiance d\u00e9tendue loin des clich\u00e9s de la C\u00f4te d\u2019Azur, une cuisine fa\u00e7on bistronomie qui conjugue le bon go\u00fbt des produits frais et locaux avec une cuisine m\u00e9diterran\u00e9enne contemporaine.&nbsp;\u00bb Le restaurant MOOD est le fruit d\u2019une histoire de copains, de familles. [&hellip;]<\/p>\n","protected":false},"author":1,"featured_media":0,"parent":0,"menu_order":0,"comment_status":"closed","ping_status":"closed","template":"","meta":{"footnotes":""},"class_list":["post-398","page","type-page","status-publish","hentry"],"yoast_head":"<!-- This site is optimized with the Yoast SEO plugin v27.4 - https:\/\/yoast.com\/product\/yoast-seo-wordpress\/ -->\n<title>home -&quot;&quot; Mood-saintlaurent D\u00e9couvrez le nouveau restaurant Mood \u00e0 Saint Laurent du Var<\/title>\n<meta name=\"description\" content=\"Mood restaurant bistronomique sur le Port de saint laurent du var Bienvenue au nouveau restaurant MOOD \u00e0 Saint Laurent du Var. Venez d\u00e9couvrir notre univers et notre cuisine bistronomique faite \u00e0 partir de produits frais et locaux MOOD pour bien manger et se d\u00e9tendre Mood pour bien manger et se d\u00e9tendre\" \/>\n<meta name=\"robots\" content=\"index, follow, max-snippet:-1, max-image-preview:large, max-video-preview:-1\" \/>\n<link rel=\"canonical\" href=\"https:\/\/mood-saintlaurent.com\/fr\/\" \/>\n<meta property=\"og:locale\" content=\"fr_FR\" \/>\n<meta property=\"og:type\" content=\"article\" \/>\n<meta property=\"og:title\" content=\"home -&quot;&quot; Mood-saintlaurent D\u00e9couvrez le nouveau restaurant Mood \u00e0 Saint Laurent du Var\" \/>\n<meta property=\"og:description\" content=\"Mood restaurant bistronomique sur le Port de saint laurent du var Bienvenue au nouveau restaurant MOOD \u00e0 Saint Laurent du Var. Venez d\u00e9couvrir notre univers et notre cuisine bistronomique faite \u00e0 partir de produits frais et locaux MOOD pour bien manger et se d\u00e9tendre Mood pour bien manger et se d\u00e9tendre\" \/>\n<meta property=\"og:url\" content=\"https:\/\/mood-saintlaurent.com\/fr\/\" \/>\n<meta property=\"og:site_name\" content=\"Mood-saintlaurent\" \/>\n<meta property=\"article:publisher\" content=\"https:\/\/www.facebook.com\/MOODStLaurent\/\" \/>\n<meta property=\"article:modified_time\" content=\"2026-02-02T10:32:06+00:00\" \/>\n<meta property=\"og:image\" content=\"https:\/\/mood-saintlaurent.com\/wp-content\/uploads\/2020\/10\/ambiance_MOOD_001-scaled.jpg\" \/>\n\t<meta property=\"og:image:width\" content=\"2560\" \/>\n\t<meta property=\"og:image:height\" content=\"1707\" \/>\n\t<meta property=\"og:image:type\" content=\"image\/jpeg\" \/>\n<meta name=\"twitter:card\" content=\"summary_large_image\" \/>\n<meta name=\"twitter:label1\" content=\"Dur\u00e9e de lecture estim\u00e9e\" \/>\n\t<meta name=\"twitter:data1\" content=\"2 minutes\" \/>\n<script type=\"application\/ld+json\" class=\"yoast-schema-graph\">{\"@context\":\"https:\\\/\\\/schema.org\",\"@graph\":[{\"@type\":\"WebPage\",\"@id\":\"https:\\\/\\\/mood-saintlaurent.com\\\/fr\\\/\",\"url\":\"https:\\\/\\\/mood-saintlaurent.com\\\/fr\\\/\",\"name\":\"home -\\\"\\\" Mood-saintlaurent D\u00e9couvrez le nouveau restaurant Mood \u00e0 Saint Laurent du Var\",\"isPartOf\":{\"@id\":\"https:\\\/\\\/mood-saintlaurent.com\\\/fr\\\/#website\"},\"datePublished\":\"2017-05-04T13:53:55+00:00\",\"dateModified\":\"2026-02-02T10:32:06+00:00\",\"description\":\"Mood restaurant bistronomique sur le Port de saint laurent du var Bienvenue au nouveau restaurant MOOD \u00e0 Saint Laurent du Var. Venez d\u00e9couvrir notre univers et notre cuisine bistronomique faite \u00e0 partir de produits frais et locaux MOOD pour bien manger et se d\u00e9tendre Mood pour bien manger et se d\u00e9tendre\",\"breadcrumb\":{\"@id\":\"https:\\\/\\\/mood-saintlaurent.com\\\/fr\\\/#breadcrumb\"},\"inLanguage\":\"fr-FR\",\"potentialAction\":[{\"@type\":\"ReadAction\",\"target\":[\"https:\\\/\\\/mood-saintlaurent.com\\\/fr\\\/\"]}]},{\"@type\":\"BreadcrumbList\",\"@id\":\"https:\\\/\\\/mood-saintlaurent.com\\\/fr\\\/#breadcrumb\",\"itemListElement\":[{\"@type\":\"ListItem\",\"position\":1,\"name\":\"Accueil\",\"item\":\"https:\\\/\\\/mood-saintlaurent.com\\\/fr\\\/\"},{\"@type\":\"ListItem\",\"position\":2,\"name\":\"Accueil\"}]},{\"@type\":\"WebSite\",\"@id\":\"https:\\\/\\\/mood-saintlaurent.com\\\/fr\\\/#website\",\"url\":\"https:\\\/\\\/mood-saintlaurent.com\\\/fr\\\/\",\"name\":\"Mood-saintlaurent\",\"description\":\"MOOD pour bien manger et se d\u00e9tendre\",\"publisher\":{\"@id\":\"https:\\\/\\\/mood-saintlaurent.com\\\/fr\\\/#organization\"},\"potentialAction\":[{\"@type\":\"SearchAction\",\"target\":{\"@type\":\"EntryPoint\",\"urlTemplate\":\"https:\\\/\\\/mood-saintlaurent.com\\\/fr\\\/?s={search_term_string}\"},\"query-input\":{\"@type\":\"PropertyValueSpecification\",\"valueRequired\":true,\"valueName\":\"search_term_string\"}}],\"inLanguage\":\"fr-FR\"},{\"@type\":\"Organization\",\"@id\":\"https:\\\/\\\/mood-saintlaurent.com\\\/fr\\\/#organization\",\"name\":\"Mood-saintlaurent\",\"url\":\"https:\\\/\\\/mood-saintlaurent.com\\\/fr\\\/\",\"logo\":{\"@type\":\"ImageObject\",\"inLanguage\":\"fr-FR\",\"@id\":\"https:\\\/\\\/mood-saintlaurent.com\\\/fr\\\/#\\\/schema\\\/logo\\\/image\\\/\",\"url\":\"https:\\\/\\\/mood-saintlaurent.com\\\/wp-content\\\/uploads\\\/2020\\\/07\\\/ElodieRicordAgence_MOOD_logo.png\",\"contentUrl\":\"https:\\\/\\\/mood-saintlaurent.com\\\/wp-content\\\/uploads\\\/2020\\\/07\\\/ElodieRicordAgence_MOOD_logo.png\",\"width\":591,\"height\":591,\"caption\":\"Mood-saintlaurent\"},\"image\":{\"@id\":\"https:\\\/\\\/mood-saintlaurent.com\\\/fr\\\/#\\\/schema\\\/logo\\\/image\\\/\"},\"sameAs\":[\"https:\\\/\\\/www.facebook.com\\\/MOODStLaurent\\\/\",\"https:\\\/\\\/www.instagram.com\\\/mood_stlaurent\\\/\"]}]}<\/script>\n<!-- \/ Yoast SEO plugin. -->","yoast_head_json":{"title":"home -\"\" Mood-saintlaurent D\u00e9couvrez le nouveau restaurant Mood \u00e0 Saint Laurent du Var","description":"Mood restaurant bistronomique sur le Port de saint laurent du var Bienvenue au nouveau restaurant MOOD \u00e0 Saint Laurent du Var. Venez d\u00e9couvrir notre univers et notre cuisine bistronomique faite \u00e0 partir de produits frais et locaux MOOD pour bien manger et se d\u00e9tendre Mood pour bien manger et se d\u00e9tendre","robots":{"index":"index","follow":"follow","max-snippet":"max-snippet:-1","max-image-preview":"max-image-preview:large","max-video-preview":"max-video-preview:-1"},"canonical":"https:\/\/mood-saintlaurent.com\/fr\/","og_locale":"fr_FR","og_type":"article","og_title":"home -\"\" Mood-saintlaurent D\u00e9couvrez le nouveau restaurant Mood \u00e0 Saint Laurent du Var","og_description":"Mood restaurant bistronomique sur le Port de saint laurent du var Bienvenue au nouveau restaurant MOOD \u00e0 Saint Laurent du Var. Venez d\u00e9couvrir notre univers et notre cuisine bistronomique faite \u00e0 partir de produits frais et locaux MOOD pour bien manger et se d\u00e9tendre Mood pour bien manger et se d\u00e9tendre","og_url":"https:\/\/mood-saintlaurent.com\/fr\/","og_site_name":"Mood-saintlaurent","article_publisher":"https:\/\/www.facebook.com\/MOODStLaurent\/","article_modified_time":"2026-02-02T10:32:06+00:00","og_image":[{"width":2560,"height":1707,"url":"https:\/\/mood-saintlaurent.com\/wp-content\/uploads\/2020\/10\/ambiance_MOOD_001-scaled.jpg","type":"image\/jpeg"}],"twitter_card":"summary_large_image","twitter_misc":{"Dur\u00e9e de lecture estim\u00e9e":"2 minutes"},"schema":{"@context":"https:\/\/schema.org","@graph":[{"@type":"WebPage","@id":"https:\/\/mood-saintlaurent.com\/fr\/","url":"https:\/\/mood-saintlaurent.com\/fr\/","name":"home -\"\" Mood-saintlaurent D\u00e9couvrez le nouveau restaurant Mood \u00e0 Saint Laurent du Var","isPartOf":{"@id":"https:\/\/mood-saintlaurent.com\/fr\/#website"},"datePublished":"2017-05-04T13:53:55+00:00","dateModified":"2026-02-02T10:32:06+00:00","description":"Mood restaurant bistronomique sur le Port de saint laurent du var Bienvenue au nouveau restaurant MOOD \u00e0 Saint Laurent du Var. Venez d\u00e9couvrir notre univers et notre cuisine bistronomique faite \u00e0 partir de produits frais et locaux MOOD pour bien manger et se d\u00e9tendre Mood pour bien manger et se d\u00e9tendre","breadcrumb":{"@id":"https:\/\/mood-saintlaurent.com\/fr\/#breadcrumb"},"inLanguage":"fr-FR","potentialAction":[{"@type":"ReadAction","target":["https:\/\/mood-saintlaurent.com\/fr\/"]}]},{"@type":"BreadcrumbList","@id":"https:\/\/mood-saintlaurent.com\/fr\/#breadcrumb","itemListElement":[{"@type":"ListItem","position":1,"name":"Accueil","item":"https:\/\/mood-saintlaurent.com\/fr\/"},{"@type":"ListItem","position":2,"name":"Accueil"}]},{"@type":"WebSite","@id":"https:\/\/mood-saintlaurent.com\/fr\/#website","url":"https:\/\/mood-saintlaurent.com\/fr\/","name":"Mood-saintlaurent","description":"MOOD pour bien manger et se d\u00e9tendre","publisher":{"@id":"https:\/\/mood-saintlaurent.com\/fr\/#organization"},"potentialAction":[{"@type":"SearchAction","target":{"@type":"EntryPoint","urlTemplate":"https:\/\/mood-saintlaurent.com\/fr\/?s={search_term_string}"},"query-input":{"@type":"PropertyValueSpecification","valueRequired":true,"valueName":"search_term_string"}}],"inLanguage":"fr-FR"},{"@type":"Organization","@id":"https:\/\/mood-saintlaurent.com\/fr\/#organization","name":"Mood-saintlaurent","url":"https:\/\/mood-saintlaurent.com\/fr\/","logo":{"@type":"ImageObject","inLanguage":"fr-FR","@id":"https:\/\/mood-saintlaurent.com\/fr\/#\/schema\/logo\/image\/","url":"https:\/\/mood-saintlaurent.com\/wp-content\/uploads\/2020\/07\/ElodieRicordAgence_MOOD_logo.png","contentUrl":"https:\/\/mood-saintlaurent.com\/wp-content\/uploads\/2020\/07\/ElodieRicordAgence_MOOD_logo.png","width":591,"height":591,"caption":"Mood-saintlaurent"},"image":{"@id":"https:\/\/mood-saintlaurent.com\/fr\/#\/schema\/logo\/image\/"},"sameAs":["https:\/\/www.facebook.com\/MOODStLaurent\/","https:\/\/www.instagram.com\/mood_stlaurent\/"]}]}},"_links":{"self":[{"href":"https:\/\/mood-saintlaurent.com\/fr\/wp-json\/wp\/v2\/pages\/398","targetHints":{"allow":["GET"]}}],"collection":[{"href":"https:\/\/mood-saintlaurent.com\/fr\/wp-json\/wp\/v2\/pages"}],"about":[{"href":"https:\/\/mood-saintlaurent.com\/fr\/wp-json\/wp\/v2\/types\/page"}],"author":[{"embeddable":true,"href":"https:\/\/mood-saintlaurent.com\/fr\/wp-json\/wp\/v2\/users\/1"}],"replies":[{"embeddable":true,"href":"https:\/\/mood-saintlaurent.com\/fr\/wp-json\/wp\/v2\/comments?post=398"}],"version-history":[{"count":5,"href":"https:\/\/mood-saintlaurent.com\/fr\/wp-json\/wp\/v2\/pages\/398\/revisions"}],"predecessor-version":[{"id":3967,"href":"https:\/\/mood-saintlaurent.com\/fr\/wp-json\/wp\/v2\/pages\/398\/revisions\/3967"}],"wp:attachment":[{"href":"https:\/\/mood-saintlaurent.com\/fr\/wp-json\/wp\/v2\/media?parent=398"}],"curies":[{"name":"wp","href":"https:\/\/api.w.org\/{rel}","templated":true}]}}