{"id":378,"date":"2017-05-09T10:23:43","date_gmt":"2017-05-09T10:23:43","guid":{"rendered":"https:\/\/mood-saintlaurent.com\/home-2"},"modified":"2020-09-11T21:08:14","modified_gmt":"2020-09-11T21:08:14","slug":"ambiance","status":"publish","type":"page","link":"https:\/\/mood-saintlaurent.com\/fr\/ambiance\/","title":{"rendered":"Ambiance lounge le week-end au MOOD"},"content":{"rendered":"\n<p><strong>\u00c7a bouge au MOOD <\/strong><\/p>\n\n\n\n<p>\u00ab&nbsp;\u00c0 partir du 18 septembre, Niko, alias DJ @Greenhigh sera pr\u00e9sent au MOOD tous les vendredis et samedis soir pour animer vos soir\u00e9es avec des sons urban &amp; soul. Venez vous d\u00e9tendre dans une ambiance chaleureuse et d\u00e9gustez notre cuisine bistronomique !<\/p>\n\n\n\n<p>Pour r\u00e9server d\u00e8s maintenant, appelez au 04 93 14 23 09 ou r\u00e9servez en ligne : <a href=\"https:\/\/mood-saintlaurent.com\/Reservation\/\">https:\/\/mood-saintlaurent.com\/Reservation\/<\/a>&nbsp;\u00bb<\/p>\n\n\n\n<p><\/p>\n","protected":false},"excerpt":{"rendered":"<p>\u00c7a bouge au MOOD \u00ab&nbsp;\u00c0 partir du 18 septembre, Niko, alias DJ @Greenhigh sera pr\u00e9sent au MOOD tous les vendredis et samedis soir pour animer vos soir\u00e9es avec des sons urban &amp; soul. Venez vous d\u00e9tendre dans une ambiance chaleureuse et d\u00e9gustez notre cuisine bistronomique ! Pour r\u00e9server d\u00e8s maintenant, appelez au 04 93 14 [&hellip;]<\/p>\n","protected":false},"author":1,"featured_media":0,"parent":0,"menu_order":0,"comment_status":"closed","ping_status":"closed","template":"","meta":{"footnotes":""},"class_list":["post-378","page","type-page","status-publish","hentry"],"yoast_head":"<!-- This site is optimized with the Yoast SEO plugin v27.6 - https:\/\/yoast.com\/product\/yoast-seo-wordpress\/ -->\n<title>Ambiance lounge le week-end au MOOD - Mood-saintlaurent<\/title>\n<meta name=\"robots\" content=\"index, follow, max-snippet:-1, max-image-preview:large, max-video-preview:-1\" \/>\n<link rel=\"canonical\" href=\"https:\/\/mood-saintlaurent.com\/fr\/ambiance\/\" \/>\n<meta property=\"og:locale\" content=\"fr_FR\" \/>\n<meta property=\"og:type\" content=\"article\" \/>\n<meta property=\"og:title\" content=\"Ambiance lounge le week-end au MOOD - Mood-saintlaurent\" \/>\n<meta property=\"og:description\" content=\"\u00c7a bouge au MOOD \u00ab&nbsp;\u00c0 partir du 18 septembre, Niko, alias DJ @Greenhigh sera pr\u00e9sent au MOOD tous les vendredis et samedis soir pour animer vos soir\u00e9es avec des sons urban &amp; soul. Venez vous d\u00e9tendre dans une ambiance chaleureuse et d\u00e9gustez notre cuisine bistronomique ! Pour r\u00e9server d\u00e8s maintenant, appelez au 04 93 14 [&hellip;]\" \/>\n<meta property=\"og:url\" content=\"https:\/\/mood-saintlaurent.com\/fr\/ambiance\/\" \/>\n<meta property=\"og:site_name\" content=\"Mood-saintlaurent\" \/>\n<meta property=\"article:publisher\" content=\"https:\/\/www.facebook.com\/MOODStLaurent\/\" \/>\n<meta property=\"article:modified_time\" content=\"2020-09-11T21:08:14+00:00\" \/>\n<meta property=\"og:image\" content=\"https:\/\/mood-saintlaurent.com\/wp-content\/uploads\/2020\/10\/ambiance_MOOD_001-scaled.jpg\" \/>\n\t<meta property=\"og:image:width\" content=\"2560\" \/>\n\t<meta property=\"og:image:height\" content=\"1707\" \/>\n\t<meta property=\"og:image:type\" content=\"image\/jpeg\" \/>\n<meta name=\"twitter:card\" content=\"summary_large_image\" \/>\n<script type=\"application\/ld+json\" class=\"yoast-schema-graph\">{\"@context\":\"https:\\\/\\\/schema.org\",\"@graph\":[{\"@type\":\"WebPage\",\"@id\":\"https:\\\/\\\/mood-saintlaurent.com\\\/fr\\\/ambiance\\\/\",\"url\":\"https:\\\/\\\/mood-saintlaurent.com\\\/fr\\\/ambiance\\\/\",\"name\":\"Ambiance lounge le week-end au MOOD - Mood-saintlaurent\",\"isPartOf\":{\"@id\":\"https:\\\/\\\/mood-saintlaurent.com\\\/fr\\\/#website\"},\"datePublished\":\"2017-05-09T10:23:43+00:00\",\"dateModified\":\"2020-09-11T21:08:14+00:00\",\"breadcrumb\":{\"@id\":\"https:\\\/\\\/mood-saintlaurent.com\\\/fr\\\/ambiance\\\/#breadcrumb\"},\"inLanguage\":\"fr-FR\",\"potentialAction\":[{\"@type\":\"ReadAction\",\"target\":[\"https:\\\/\\\/mood-saintlaurent.com\\\/fr\\\/ambiance\\\/\"]}]},{\"@type\":\"BreadcrumbList\",\"@id\":\"https:\\\/\\\/mood-saintlaurent.com\\\/fr\\\/ambiance\\\/#breadcrumb\",\"itemListElement\":[{\"@type\":\"ListItem\",\"position\":1,\"name\":\"Accueil\",\"item\":\"https:\\\/\\\/mood-saintlaurent.com\\\/fr\\\/\"},{\"@type\":\"ListItem\",\"position\":2,\"name\":\"Ambiance lounge le week-end au MOOD\"}]},{\"@type\":\"WebSite\",\"@id\":\"https:\\\/\\\/mood-saintlaurent.com\\\/fr\\\/#website\",\"url\":\"https:\\\/\\\/mood-saintlaurent.com\\\/fr\\\/\",\"name\":\"Mood-saintlaurent\",\"description\":\"MOOD pour bien manger et se d\u00e9tendre\",\"publisher\":{\"@id\":\"https:\\\/\\\/mood-saintlaurent.com\\\/fr\\\/#organization\"},\"potentialAction\":[{\"@type\":\"SearchAction\",\"target\":{\"@type\":\"EntryPoint\",\"urlTemplate\":\"https:\\\/\\\/mood-saintlaurent.com\\\/fr\\\/?s={search_term_string}\"},\"query-input\":{\"@type\":\"PropertyValueSpecification\",\"valueRequired\":true,\"valueName\":\"search_term_string\"}}],\"inLanguage\":\"fr-FR\"},{\"@type\":\"Organization\",\"@id\":\"https:\\\/\\\/mood-saintlaurent.com\\\/fr\\\/#organization\",\"name\":\"Mood-saintlaurent\",\"url\":\"https:\\\/\\\/mood-saintlaurent.com\\\/fr\\\/\",\"logo\":{\"@type\":\"ImageObject\",\"inLanguage\":\"fr-FR\",\"@id\":\"https:\\\/\\\/mood-saintlaurent.com\\\/fr\\\/#\\\/schema\\\/logo\\\/image\\\/\",\"url\":\"https:\\\/\\\/mood-saintlaurent.com\\\/wp-content\\\/uploads\\\/2020\\\/07\\\/ElodieRicordAgence_MOOD_logo.png\",\"contentUrl\":\"https:\\\/\\\/mood-saintlaurent.com\\\/wp-content\\\/uploads\\\/2020\\\/07\\\/ElodieRicordAgence_MOOD_logo.png\",\"width\":591,\"height\":591,\"caption\":\"Mood-saintlaurent\"},\"image\":{\"@id\":\"https:\\\/\\\/mood-saintlaurent.com\\\/fr\\\/#\\\/schema\\\/logo\\\/image\\\/\"},\"sameAs\":[\"https:\\\/\\\/www.facebook.com\\\/MOODStLaurent\\\/\",\"https:\\\/\\\/www.instagram.com\\\/mood_stlaurent\\\/\"]}]}<\/script>\n<!-- \/ Yoast SEO plugin. -->","yoast_head_json":{"title":"Ambiance lounge le week-end au MOOD - Mood-saintlaurent","robots":{"index":"index","follow":"follow","max-snippet":"max-snippet:-1","max-image-preview":"max-image-preview:large","max-video-preview":"max-video-preview:-1"},"canonical":"https:\/\/mood-saintlaurent.com\/fr\/ambiance\/","og_locale":"fr_FR","og_type":"article","og_title":"Ambiance lounge le week-end au MOOD - Mood-saintlaurent","og_description":"\u00c7a bouge au MOOD \u00ab&nbsp;\u00c0 partir du 18 septembre, Niko, alias DJ @Greenhigh sera pr\u00e9sent au MOOD tous les vendredis et samedis soir pour animer vos soir\u00e9es avec des sons urban &amp; soul. Venez vous d\u00e9tendre dans une ambiance chaleureuse et d\u00e9gustez notre cuisine bistronomique ! Pour r\u00e9server d\u00e8s maintenant, appelez au 04 93 14 [&hellip;]","og_url":"https:\/\/mood-saintlaurent.com\/fr\/ambiance\/","og_site_name":"Mood-saintlaurent","article_publisher":"https:\/\/www.facebook.com\/MOODStLaurent\/","article_modified_time":"2020-09-11T21:08:14+00:00","og_image":[{"width":2560,"height":1707,"url":"https:\/\/mood-saintlaurent.com\/wp-content\/uploads\/2020\/10\/ambiance_MOOD_001-scaled.jpg","type":"image\/jpeg"}],"twitter_card":"summary_large_image","schema":{"@context":"https:\/\/schema.org","@graph":[{"@type":"WebPage","@id":"https:\/\/mood-saintlaurent.com\/fr\/ambiance\/","url":"https:\/\/mood-saintlaurent.com\/fr\/ambiance\/","name":"Ambiance lounge le week-end au MOOD - Mood-saintlaurent","isPartOf":{"@id":"https:\/\/mood-saintlaurent.com\/fr\/#website"},"datePublished":"2017-05-09T10:23:43+00:00","dateModified":"2020-09-11T21:08:14+00:00","breadcrumb":{"@id":"https:\/\/mood-saintlaurent.com\/fr\/ambiance\/#breadcrumb"},"inLanguage":"fr-FR","potentialAction":[{"@type":"ReadAction","target":["https:\/\/mood-saintlaurent.com\/fr\/ambiance\/"]}]},{"@type":"BreadcrumbList","@id":"https:\/\/mood-saintlaurent.com\/fr\/ambiance\/#breadcrumb","itemListElement":[{"@type":"ListItem","position":1,"name":"Accueil","item":"https:\/\/mood-saintlaurent.com\/fr\/"},{"@type":"ListItem","position":2,"name":"Ambiance lounge le week-end au MOOD"}]},{"@type":"WebSite","@id":"https:\/\/mood-saintlaurent.com\/fr\/#website","url":"https:\/\/mood-saintlaurent.com\/fr\/","name":"Mood-saintlaurent","description":"MOOD pour bien manger et se d\u00e9tendre","publisher":{"@id":"https:\/\/mood-saintlaurent.com\/fr\/#organization"},"potentialAction":[{"@type":"SearchAction","target":{"@type":"EntryPoint","urlTemplate":"https:\/\/mood-saintlaurent.com\/fr\/?s={search_term_string}"},"query-input":{"@type":"PropertyValueSpecification","valueRequired":true,"valueName":"search_term_string"}}],"inLanguage":"fr-FR"},{"@type":"Organization","@id":"https:\/\/mood-saintlaurent.com\/fr\/#organization","name":"Mood-saintlaurent","url":"https:\/\/mood-saintlaurent.com\/fr\/","logo":{"@type":"ImageObject","inLanguage":"fr-FR","@id":"https:\/\/mood-saintlaurent.com\/fr\/#\/schema\/logo\/image\/","url":"https:\/\/mood-saintlaurent.com\/wp-content\/uploads\/2020\/07\/ElodieRicordAgence_MOOD_logo.png","contentUrl":"https:\/\/mood-saintlaurent.com\/wp-content\/uploads\/2020\/07\/ElodieRicordAgence_MOOD_logo.png","width":591,"height":591,"caption":"Mood-saintlaurent"},"image":{"@id":"https:\/\/mood-saintlaurent.com\/fr\/#\/schema\/logo\/image\/"},"sameAs":["https:\/\/www.facebook.com\/MOODStLaurent\/","https:\/\/www.instagram.com\/mood_stlaurent\/"]}]}},"_links":{"self":[{"href":"https:\/\/mood-saintlaurent.com\/fr\/wp-json\/wp\/v2\/pages\/378","targetHints":{"allow":["GET"]}}],"collection":[{"href":"https:\/\/mood-saintlaurent.com\/fr\/wp-json\/wp\/v2\/pages"}],"about":[{"href":"https:\/\/mood-saintlaurent.com\/fr\/wp-json\/wp\/v2\/types\/page"}],"author":[{"embeddable":true,"href":"https:\/\/mood-saintlaurent.com\/fr\/wp-json\/wp\/v2\/users\/1"}],"replies":[{"embeddable":true,"href":"https:\/\/mood-saintlaurent.com\/fr\/wp-json\/wp\/v2\/comments?post=378"}],"version-history":[{"count":5,"href":"https:\/\/mood-saintlaurent.com\/fr\/wp-json\/wp\/v2\/pages\/378\/revisions"}],"predecessor-version":[{"id":1264,"href":"https:\/\/mood-saintlaurent.com\/fr\/wp-json\/wp\/v2\/pages\/378\/revisions\/1264"}],"wp:attachment":[{"href":"https:\/\/mood-saintlaurent.com\/fr\/wp-json\/wp\/v2\/media?parent=378"}],"curies":[{"name":"wp","href":"https:\/\/api.w.org\/{rel}","templated":true}]}}