{"id":3669,"date":"2025-06-05T11:14:12","date_gmt":"2025-06-05T10:14:12","guid":{"rendered":"https:\/\/mood-saintlaurent.com\/?page_id=3669"},"modified":"2025-06-05T17:07:19","modified_gmt":"2025-06-05T16:07:19","slug":"service-traiteur","status":"publish","type":"page","link":"https:\/\/mood-saintlaurent.com\/fr\/service-traiteur\/","title":{"rendered":"Service traiteur"},"content":{"rendered":"\n<p><strong>\u00c7a bouge au MOOD <\/strong><\/p>\n\n\n\n<p>Le MOOD&nbsp;vous invite \u00e0 d\u00e9couvrir son service traiteur haut de gamme pour vos \u00e9v\u00e9nements priv\u00e9s et professionnels.<br><br>Que ce soit pour un bapt\u00eame, un mariage, un anniversaire ou pour un s\u00e9minaire, nous mettons notre savoir-faire \u00e0 votre disposition pour offrir \u00e0 vos invit\u00e9s une exp\u00e9rience culinaire unique. Nos plats raffin\u00e9s, cr\u00e9\u00e9s avec soin, sublimeront chaque moment important de votre vie ou de votre entreprise.<br><br>Avec Le MOOD, chaque \u00e9v\u00e9nement devient un souvenir m\u00e9morable, accompagn\u00e9 de saveurs d\u00e9licieuses et d\u2019un service irr\u00e9prochable. Confiez-nous vos projets et laissez-nous faire de votre occasion un moment d\u2019exception.<\/p>\n\n\n\n<p>Pour r\u00e9server d\u00e8s maintenant, appelez au 04 93 14 23 09 ou r\u00e9servez en ligne : <a href=\"https:\/\/mood-saintlaurent.com\/Reservation\/\">https:\/\/mood-saintlaurent.com\/Reservation\/<\/a>&nbsp;\u00bb<\/p>\n\n\n\n<p><\/p>\n","protected":false},"excerpt":{"rendered":"<p>\u00c7a bouge au MOOD Le MOOD&nbsp;vous invite \u00e0 d\u00e9couvrir son service traiteur haut de gamme pour vos \u00e9v\u00e9nements priv\u00e9s et professionnels. Que ce soit pour un bapt\u00eame, un mariage, un anniversaire ou pour un s\u00e9minaire, nous mettons notre savoir-faire \u00e0 votre disposition pour offrir \u00e0 vos invit\u00e9s une exp\u00e9rience culinaire unique. Nos plats raffin\u00e9s, cr\u00e9\u00e9s [&hellip;]<\/p>\n","protected":false},"author":1,"featured_media":0,"parent":0,"menu_order":0,"comment_status":"closed","ping_status":"closed","template":"","meta":{"footnotes":""},"class_list":["post-3669","page","type-page","status-publish","hentry"],"yoast_head":"<!-- This site is optimized with the Yoast SEO plugin v27.4 - https:\/\/yoast.com\/product\/yoast-seo-wordpress\/ -->\n<title>Service traiteur - Mood-saintlaurent<\/title>\n<meta name=\"robots\" content=\"index, follow, max-snippet:-1, max-image-preview:large, max-video-preview:-1\" \/>\n<link rel=\"canonical\" href=\"https:\/\/mood-saintlaurent.com\/fr\/service-traiteur\/\" \/>\n<meta property=\"og:locale\" content=\"fr_FR\" \/>\n<meta property=\"og:type\" content=\"article\" \/>\n<meta property=\"og:title\" content=\"Service traiteur - Mood-saintlaurent\" \/>\n<meta property=\"og:description\" content=\"\u00c7a bouge au MOOD Le MOOD&nbsp;vous invite \u00e0 d\u00e9couvrir son service traiteur haut de gamme pour vos \u00e9v\u00e9nements priv\u00e9s et professionnels. Que ce soit pour un bapt\u00eame, un mariage, un anniversaire ou pour un s\u00e9minaire, nous mettons notre savoir-faire \u00e0 votre disposition pour offrir \u00e0 vos invit\u00e9s une exp\u00e9rience culinaire unique. Nos plats raffin\u00e9s, cr\u00e9\u00e9s [&hellip;]\" \/>\n<meta property=\"og:url\" content=\"https:\/\/mood-saintlaurent.com\/fr\/service-traiteur\/\" \/>\n<meta property=\"og:site_name\" content=\"Mood-saintlaurent\" \/>\n<meta property=\"article:publisher\" content=\"https:\/\/www.facebook.com\/MOODStLaurent\/\" \/>\n<meta property=\"article:modified_time\" content=\"2025-06-05T16:07:19+00:00\" \/>\n<meta property=\"og:image\" content=\"https:\/\/mood-saintlaurent.com\/wp-content\/uploads\/2020\/10\/ambiance_MOOD_001-scaled.jpg\" \/>\n\t<meta property=\"og:image:width\" content=\"2560\" \/>\n\t<meta property=\"og:image:height\" content=\"1707\" \/>\n\t<meta property=\"og:image:type\" content=\"image\/jpeg\" \/>\n<meta name=\"twitter:card\" content=\"summary_large_image\" \/>\n<meta name=\"twitter:label1\" content=\"Dur\u00e9e de lecture estim\u00e9e\" \/>\n\t<meta name=\"twitter:data1\" content=\"5 minutes\" \/>\n<script type=\"application\/ld+json\" class=\"yoast-schema-graph\">{\"@context\":\"https:\\\/\\\/schema.org\",\"@graph\":[{\"@type\":\"WebPage\",\"@id\":\"https:\\\/\\\/mood-saintlaurent.com\\\/fr\\\/service-traiteur\\\/\",\"url\":\"https:\\\/\\\/mood-saintlaurent.com\\\/fr\\\/service-traiteur\\\/\",\"name\":\"Service traiteur - Mood-saintlaurent\",\"isPartOf\":{\"@id\":\"https:\\\/\\\/mood-saintlaurent.com\\\/fr\\\/#website\"},\"datePublished\":\"2025-06-05T10:14:12+00:00\",\"dateModified\":\"2025-06-05T16:07:19+00:00\",\"breadcrumb\":{\"@id\":\"https:\\\/\\\/mood-saintlaurent.com\\\/fr\\\/service-traiteur\\\/#breadcrumb\"},\"inLanguage\":\"fr-FR\",\"potentialAction\":[{\"@type\":\"ReadAction\",\"target\":[\"https:\\\/\\\/mood-saintlaurent.com\\\/fr\\\/service-traiteur\\\/\"]}]},{\"@type\":\"BreadcrumbList\",\"@id\":\"https:\\\/\\\/mood-saintlaurent.com\\\/fr\\\/service-traiteur\\\/#breadcrumb\",\"itemListElement\":[{\"@type\":\"ListItem\",\"position\":1,\"name\":\"Accueil\",\"item\":\"https:\\\/\\\/mood-saintlaurent.com\\\/fr\\\/\"},{\"@type\":\"ListItem\",\"position\":2,\"name\":\"Service traiteur\"}]},{\"@type\":\"WebSite\",\"@id\":\"https:\\\/\\\/mood-saintlaurent.com\\\/fr\\\/#website\",\"url\":\"https:\\\/\\\/mood-saintlaurent.com\\\/fr\\\/\",\"name\":\"Mood-saintlaurent\",\"description\":\"MOOD pour bien manger et se d\u00e9tendre\",\"publisher\":{\"@id\":\"https:\\\/\\\/mood-saintlaurent.com\\\/fr\\\/#organization\"},\"potentialAction\":[{\"@type\":\"SearchAction\",\"target\":{\"@type\":\"EntryPoint\",\"urlTemplate\":\"https:\\\/\\\/mood-saintlaurent.com\\\/fr\\\/?s={search_term_string}\"},\"query-input\":{\"@type\":\"PropertyValueSpecification\",\"valueRequired\":true,\"valueName\":\"search_term_string\"}}],\"inLanguage\":\"fr-FR\"},{\"@type\":\"Organization\",\"@id\":\"https:\\\/\\\/mood-saintlaurent.com\\\/fr\\\/#organization\",\"name\":\"Mood-saintlaurent\",\"url\":\"https:\\\/\\\/mood-saintlaurent.com\\\/fr\\\/\",\"logo\":{\"@type\":\"ImageObject\",\"inLanguage\":\"fr-FR\",\"@id\":\"https:\\\/\\\/mood-saintlaurent.com\\\/fr\\\/#\\\/schema\\\/logo\\\/image\\\/\",\"url\":\"https:\\\/\\\/mood-saintlaurent.com\\\/wp-content\\\/uploads\\\/2020\\\/07\\\/ElodieRicordAgence_MOOD_logo.png\",\"contentUrl\":\"https:\\\/\\\/mood-saintlaurent.com\\\/wp-content\\\/uploads\\\/2020\\\/07\\\/ElodieRicordAgence_MOOD_logo.png\",\"width\":591,\"height\":591,\"caption\":\"Mood-saintlaurent\"},\"image\":{\"@id\":\"https:\\\/\\\/mood-saintlaurent.com\\\/fr\\\/#\\\/schema\\\/logo\\\/image\\\/\"},\"sameAs\":[\"https:\\\/\\\/www.facebook.com\\\/MOODStLaurent\\\/\",\"https:\\\/\\\/www.instagram.com\\\/mood_stlaurent\\\/\"]}]}<\/script>\n<!-- \/ Yoast SEO plugin. -->","yoast_head_json":{"title":"Service traiteur - Mood-saintlaurent","robots":{"index":"index","follow":"follow","max-snippet":"max-snippet:-1","max-image-preview":"max-image-preview:large","max-video-preview":"max-video-preview:-1"},"canonical":"https:\/\/mood-saintlaurent.com\/fr\/service-traiteur\/","og_locale":"fr_FR","og_type":"article","og_title":"Service traiteur - Mood-saintlaurent","og_description":"\u00c7a bouge au MOOD Le MOOD&nbsp;vous invite \u00e0 d\u00e9couvrir son service traiteur haut de gamme pour vos \u00e9v\u00e9nements priv\u00e9s et professionnels. Que ce soit pour un bapt\u00eame, un mariage, un anniversaire ou pour un s\u00e9minaire, nous mettons notre savoir-faire \u00e0 votre disposition pour offrir \u00e0 vos invit\u00e9s une exp\u00e9rience culinaire unique. Nos plats raffin\u00e9s, cr\u00e9\u00e9s [&hellip;]","og_url":"https:\/\/mood-saintlaurent.com\/fr\/service-traiteur\/","og_site_name":"Mood-saintlaurent","article_publisher":"https:\/\/www.facebook.com\/MOODStLaurent\/","article_modified_time":"2025-06-05T16:07:19+00:00","og_image":[{"width":2560,"height":1707,"url":"https:\/\/mood-saintlaurent.com\/wp-content\/uploads\/2020\/10\/ambiance_MOOD_001-scaled.jpg","type":"image\/jpeg"}],"twitter_card":"summary_large_image","twitter_misc":{"Dur\u00e9e de lecture estim\u00e9e":"5 minutes"},"schema":{"@context":"https:\/\/schema.org","@graph":[{"@type":"WebPage","@id":"https:\/\/mood-saintlaurent.com\/fr\/service-traiteur\/","url":"https:\/\/mood-saintlaurent.com\/fr\/service-traiteur\/","name":"Service traiteur - Mood-saintlaurent","isPartOf":{"@id":"https:\/\/mood-saintlaurent.com\/fr\/#website"},"datePublished":"2025-06-05T10:14:12+00:00","dateModified":"2025-06-05T16:07:19+00:00","breadcrumb":{"@id":"https:\/\/mood-saintlaurent.com\/fr\/service-traiteur\/#breadcrumb"},"inLanguage":"fr-FR","potentialAction":[{"@type":"ReadAction","target":["https:\/\/mood-saintlaurent.com\/fr\/service-traiteur\/"]}]},{"@type":"BreadcrumbList","@id":"https:\/\/mood-saintlaurent.com\/fr\/service-traiteur\/#breadcrumb","itemListElement":[{"@type":"ListItem","position":1,"name":"Accueil","item":"https:\/\/mood-saintlaurent.com\/fr\/"},{"@type":"ListItem","position":2,"name":"Service traiteur"}]},{"@type":"WebSite","@id":"https:\/\/mood-saintlaurent.com\/fr\/#website","url":"https:\/\/mood-saintlaurent.com\/fr\/","name":"Mood-saintlaurent","description":"MOOD pour bien manger et se d\u00e9tendre","publisher":{"@id":"https:\/\/mood-saintlaurent.com\/fr\/#organization"},"potentialAction":[{"@type":"SearchAction","target":{"@type":"EntryPoint","urlTemplate":"https:\/\/mood-saintlaurent.com\/fr\/?s={search_term_string}"},"query-input":{"@type":"PropertyValueSpecification","valueRequired":true,"valueName":"search_term_string"}}],"inLanguage":"fr-FR"},{"@type":"Organization","@id":"https:\/\/mood-saintlaurent.com\/fr\/#organization","name":"Mood-saintlaurent","url":"https:\/\/mood-saintlaurent.com\/fr\/","logo":{"@type":"ImageObject","inLanguage":"fr-FR","@id":"https:\/\/mood-saintlaurent.com\/fr\/#\/schema\/logo\/image\/","url":"https:\/\/mood-saintlaurent.com\/wp-content\/uploads\/2020\/07\/ElodieRicordAgence_MOOD_logo.png","contentUrl":"https:\/\/mood-saintlaurent.com\/wp-content\/uploads\/2020\/07\/ElodieRicordAgence_MOOD_logo.png","width":591,"height":591,"caption":"Mood-saintlaurent"},"image":{"@id":"https:\/\/mood-saintlaurent.com\/fr\/#\/schema\/logo\/image\/"},"sameAs":["https:\/\/www.facebook.com\/MOODStLaurent\/","https:\/\/www.instagram.com\/mood_stlaurent\/"]}]}},"_links":{"self":[{"href":"https:\/\/mood-saintlaurent.com\/fr\/wp-json\/wp\/v2\/pages\/3669","targetHints":{"allow":["GET"]}}],"collection":[{"href":"https:\/\/mood-saintlaurent.com\/fr\/wp-json\/wp\/v2\/pages"}],"about":[{"href":"https:\/\/mood-saintlaurent.com\/fr\/wp-json\/wp\/v2\/types\/page"}],"author":[{"embeddable":true,"href":"https:\/\/mood-saintlaurent.com\/fr\/wp-json\/wp\/v2\/users\/1"}],"replies":[{"embeddable":true,"href":"https:\/\/mood-saintlaurent.com\/fr\/wp-json\/wp\/v2\/comments?post=3669"}],"version-history":[{"count":5,"href":"https:\/\/mood-saintlaurent.com\/fr\/wp-json\/wp\/v2\/pages\/3669\/revisions"}],"predecessor-version":[{"id":3771,"href":"https:\/\/mood-saintlaurent.com\/fr\/wp-json\/wp\/v2\/pages\/3669\/revisions\/3771"}],"wp:attachment":[{"href":"https:\/\/mood-saintlaurent.com\/fr\/wp-json\/wp\/v2\/media?parent=3669"}],"curies":[{"name":"wp","href":"https:\/\/api.w.org\/{rel}","templated":true}]}}