{"id":360,"date":"2019-01-07T10:49:53","date_gmt":"2019-01-07T10:49:53","guid":{"rendered":"https:\/\/mood-saintlaurent.com\/sample-page-2"},"modified":"2023-08-09T13:03:19","modified_gmt":"2023-08-09T12:03:19","slug":"une-histoire-de-famille-et-d-amitie","status":"publish","type":"page","link":"https:\/\/mood-saintlaurent.com\/fr\/une-histoire-de-famille-et-d-amitie\/","title":{"rendered":"MOOD une histoire de famille et d\u2019amiti\u00e9"},"content":{"rendered":"\n<p>Marcel, Jean-Christophe et St\u00e9phane sont notamment connus pour la soci\u00e9t\u00e9 familiale d&rsquo;\u00e9clairage public fond\u00e9e en 1927 RAGNI qu\u2019ils co-dirigent. Mais l\u00e0 c\u2019est un tout autre projet qui les r\u00e9unit : celui d\u2019avoir ensemble leur Restaurant !<\/p>\n\n\n\n<blockquote class=\"wp-block-quote is-layout-flow wp-block-quote-is-layout-flow\"><p>Le projet est port\u00e9 dans le c\u0153ur de Jean-Christophe depuis qu\u2019il est sorti de l\u2019\u00e9cole h\u00f4teli\u00e8re : \u00ab J\u2019aimerais un jour avoir Mon restaurant ! \u00bb a-t-il souvent pens\u00e9 . \u00ab Mon \u00bb restaurant c\u2019est transform\u00e9 en \u00ab Notre \u00bb restaurant et il a embarqu\u00e9 avec lui 3 associ\u00e9s : son P\u00e8re Marcel, son fr\u00e8re St\u00e9phane et son ami d\u2019enfance Patrice. Et c\u2019est sa maman Josette qui est au commande du site internet du Restaurant !<\/p><cite>#MOOD<\/cite><\/blockquote>\n\n\n\n<p><\/p>\n\n\n\n<blockquote class=\"wp-block-quote is-layout-flow wp-block-quote-is-layout-flow\"><p>Le restaurant MOOD, ils l\u2019ont imagin\u00e9 et con\u00e7u \u00e0 leur image \u2013 convivial, simple mais tendance et intransigeant sur la qualit\u00e9. Ce niveau de qualit\u00e9 qu\u2019ils aiment eux-m\u00eames trouver quand ils vont diner dans des restaurants. Le choix de la bistronomie leur ressemble, c\u2019est une fa\u00e7on de faire du tr\u00e8s bon en le rendant accessible.<\/p><\/blockquote>\n\n\n\n<p><strong><em>Patrice<\/em><\/strong> <strong><em>Uttaro , plus connu sous le nom de&nbsp;Patoche\u2026<\/em><\/strong><\/p>\n\n\n\n<p><strong><em>Patrice qui es-tu&nbsp;? On se dit tu, c\u2019est bien \u00e7a&nbsp;?<\/em><\/strong><\/p>\n\n\n\n<p>Oui, tout le monde me tutoie et inversement.<\/p>\n\n\n\n<p>Je suis un pur produit local, de Cagnes-sur-Mer, St Laurent, d\u2019ici. Papa attentif et aimant de deux beaux enfants. Mon parcours pour arriver \u00e0 la restauration est atypique, il est en fait jalonn\u00e9 de d\u00e9fis et challenges que j\u2019ai toujours eu \u00e0 c\u0153ur de relever.<\/p>\n\n\n\n<p>Jeune tennisman accompli, j\u2019ai commenc\u00e9 ma carri\u00e8re professionnelle en tant que prof de tennis, je l\u2019ai poursuivi en tant que chanteur-musicien professionnel. Je suis tomb\u00e9 dans la restauration presque par hasard, en tout cas par amour! C\u2019est avec ma premi\u00e8re femme que nous avons repris le restaurant d\u2019un golf. J\u2019y assurais notamment la partie animation musicale et promotion. Nous avons mont\u00e9 l\u2019affaire \u00e0 un haut niveau.<\/p>\n\n\n\n<p>Depuis ma sp\u00e9cialit\u00e9 c\u2019est de relancer avec r\u00e9ussite des affaires. C\u2019est alors, que les Ragni, mes amis depuis l\u2019enfance m\u2019ont propos\u00e9 de m\u2019associer avec eux pour ouvrir Notre Restaurant&nbsp;! Quel plus beau d\u00e9fi, que de le relever pour soit&nbsp;!<\/p>\n\n\n\n<p><strong><em>Qu\u2019est-ce que les personnes qui te connaissent disent de toi ?<\/em><\/strong><\/p>\n\n\n\n<p>Ce qui me caract\u00e9rise le plus ce sont les rapports humains vrais.&nbsp; Au fil de mes rencontres, mes voyages, ma vie \u2026. J\u2019ai cr\u00e9\u00e9 un r\u00e9seau \u00e9norme, des proches, des amis, des personnalit\u00e9s c\u00e9l\u00e8bres, des sportifs professionnels\u2026&nbsp;pas juste de simples connaissances, pas un r\u00e9seau fake ou digital mais un r\u00e9seau de vraies personnes que j\u2019appr\u00e9cie et qui m\u2019appr\u00e9cient pour ce que je suis. Et je suis fier de dire que ma force c\u2019est d\u2019\u00eatre moi-m\u00eame en toutes circonstances et avec qui que ce soit. C\u2019est cette sinc\u00e9rit\u00e9 dans les rapports que les gens aiment chez moi. <strong><em>\u00ab&nbsp;Patoche c\u2019est Patoche&nbsp;<\/em><\/strong>!&nbsp;\u00bb voil\u00e0 ce qu\u2019on dit de moi&nbsp;!<\/p>\n\n\n\n<p><strong><em>Alors MOOD&nbsp;? Maintenant&nbsp;?<\/em><\/strong><\/p>\n\n\n\n<p>Oui, je suis Associ\u00e9 et Directeur du restaurant. La famille Ragni m\u2019a embarqu\u00e9 dans l\u2019aventure.<\/p>\n\n\n\n<p>Je suis en MOOD heureux d\u2019en faire partie&nbsp;!<\/p>\n\n\n\n<blockquote class=\"wp-block-quote is-layout-flow wp-block-quote-is-layout-flow\"><p>A bient\u00f4t Patrice on a h\u00e2te de te connaitre mieux\u00a0!<\/p><\/blockquote>\n","protected":false},"excerpt":{"rendered":"<p>Marcel, Jean-Christophe et St\u00e9phane sont notamment connus pour la soci\u00e9t\u00e9 familiale d&rsquo;\u00e9clairage public fond\u00e9e en 1927 RAGNI qu\u2019ils co-dirigent. Mais l\u00e0 c\u2019est un tout autre projet qui les r\u00e9unit : celui d\u2019avoir ensemble leur Restaurant ! Le projet est port\u00e9 dans le c\u0153ur de Jean-Christophe depuis qu\u2019il est sorti de l\u2019\u00e9cole h\u00f4teli\u00e8re : \u00ab J\u2019aimerais [&hellip;]<\/p>\n","protected":false},"author":1,"featured_media":0,"parent":0,"menu_order":0,"comment_status":"closed","ping_status":"open","template":"","meta":{"footnotes":""},"class_list":["post-360","page","type-page","status-publish","hentry"],"yoast_head":"<!-- This site is optimized with the Yoast SEO plugin v27.4 - https:\/\/yoast.com\/product\/yoast-seo-wordpress\/ -->\n<title>MOOD une histoire de famille et d\u2019amiti\u00e9 - Mood-saintlaurent<\/title>\n<meta name=\"description\" content=\"Le restaurant MOOD, ils l\u2019ont imagin\u00e9 et con\u00e7u \u00e0 leur image \u2013 convivial, simple mais tendance et intransigeant sur la qualit\u00e9. Ce niveau de qualit\u00e9 qu\u2019ils aiment eux-m\u00eames trouver quand ils vont diner dans des restaurants. Le choix de la bistronomie leur ressemble, c\u2019est une fa\u00e7on de faire du tr\u00e8s bon en le rendant accessible.\" \/>\n<meta name=\"robots\" content=\"index, follow, max-snippet:-1, max-image-preview:large, max-video-preview:-1\" \/>\n<link rel=\"canonical\" href=\"https:\/\/mood-saintlaurent.com\/fr\/une-histoire-de-famille-et-d-amitie\/\" \/>\n<meta property=\"og:locale\" content=\"fr_FR\" \/>\n<meta property=\"og:type\" content=\"article\" \/>\n<meta property=\"og:title\" content=\"MOOD une histoire de famille et d\u2019amiti\u00e9 - Mood-saintlaurent\" \/>\n<meta property=\"og:description\" content=\"Le restaurant MOOD, ils l\u2019ont imagin\u00e9 et con\u00e7u \u00e0 leur image \u2013 convivial, simple mais tendance et intransigeant sur la qualit\u00e9. Ce niveau de qualit\u00e9 qu\u2019ils aiment eux-m\u00eames trouver quand ils vont diner dans des restaurants. Le choix de la bistronomie leur ressemble, c\u2019est une fa\u00e7on de faire du tr\u00e8s bon en le rendant accessible.\" \/>\n<meta property=\"og:url\" content=\"https:\/\/mood-saintlaurent.com\/fr\/une-histoire-de-famille-et-d-amitie\/\" \/>\n<meta property=\"og:site_name\" content=\"Mood-saintlaurent\" \/>\n<meta property=\"article:publisher\" content=\"https:\/\/www.facebook.com\/MOODStLaurent\/\" \/>\n<meta property=\"article:modified_time\" content=\"2023-08-09T12:03:19+00:00\" \/>\n<meta property=\"og:image\" content=\"https:\/\/mood-saintlaurent.com\/wp-content\/uploads\/2020\/10\/ambiance_MOOD_001-scaled.jpg\" \/>\n\t<meta property=\"og:image:width\" content=\"2560\" \/>\n\t<meta property=\"og:image:height\" content=\"1707\" \/>\n\t<meta property=\"og:image:type\" content=\"image\/jpeg\" \/>\n<meta name=\"twitter:card\" content=\"summary_large_image\" \/>\n<meta name=\"twitter:label1\" content=\"Dur\u00e9e de lecture estim\u00e9e\" \/>\n\t<meta name=\"twitter:data1\" content=\"3 minutes\" \/>\n<script type=\"application\/ld+json\" class=\"yoast-schema-graph\">{\"@context\":\"https:\\\/\\\/schema.org\",\"@graph\":[{\"@type\":\"WebPage\",\"@id\":\"https:\\\/\\\/mood-saintlaurent.com\\\/fr\\\/une-histoire-de-famille-et-d-amitie\\\/\",\"url\":\"https:\\\/\\\/mood-saintlaurent.com\\\/fr\\\/une-histoire-de-famille-et-d-amitie\\\/\",\"name\":\"MOOD une histoire de famille et d\u2019amiti\u00e9 - Mood-saintlaurent\",\"isPartOf\":{\"@id\":\"https:\\\/\\\/mood-saintlaurent.com\\\/fr\\\/#website\"},\"datePublished\":\"2019-01-07T10:49:53+00:00\",\"dateModified\":\"2023-08-09T12:03:19+00:00\",\"description\":\"Le restaurant MOOD, ils l\u2019ont imagin\u00e9 et con\u00e7u \u00e0 leur image \u2013 convivial, simple mais tendance et intransigeant sur la qualit\u00e9. Ce niveau de qualit\u00e9 qu\u2019ils aiment eux-m\u00eames trouver quand ils vont diner dans des restaurants. Le choix de la bistronomie leur ressemble, c\u2019est une fa\u00e7on de faire du tr\u00e8s bon en le rendant accessible.\",\"breadcrumb\":{\"@id\":\"https:\\\/\\\/mood-saintlaurent.com\\\/fr\\\/une-histoire-de-famille-et-d-amitie\\\/#breadcrumb\"},\"inLanguage\":\"fr-FR\",\"potentialAction\":[{\"@type\":\"ReadAction\",\"target\":[\"https:\\\/\\\/mood-saintlaurent.com\\\/fr\\\/une-histoire-de-famille-et-d-amitie\\\/\"]}]},{\"@type\":\"BreadcrumbList\",\"@id\":\"https:\\\/\\\/mood-saintlaurent.com\\\/fr\\\/une-histoire-de-famille-et-d-amitie\\\/#breadcrumb\",\"itemListElement\":[{\"@type\":\"ListItem\",\"position\":1,\"name\":\"Accueil\",\"item\":\"https:\\\/\\\/mood-saintlaurent.com\\\/fr\\\/\"},{\"@type\":\"ListItem\",\"position\":2,\"name\":\"MOOD une histoire de famille et d\u2019amiti\u00e9\"}]},{\"@type\":\"WebSite\",\"@id\":\"https:\\\/\\\/mood-saintlaurent.com\\\/fr\\\/#website\",\"url\":\"https:\\\/\\\/mood-saintlaurent.com\\\/fr\\\/\",\"name\":\"Mood-saintlaurent\",\"description\":\"MOOD pour bien manger et se d\u00e9tendre\",\"publisher\":{\"@id\":\"https:\\\/\\\/mood-saintlaurent.com\\\/fr\\\/#organization\"},\"potentialAction\":[{\"@type\":\"SearchAction\",\"target\":{\"@type\":\"EntryPoint\",\"urlTemplate\":\"https:\\\/\\\/mood-saintlaurent.com\\\/fr\\\/?s={search_term_string}\"},\"query-input\":{\"@type\":\"PropertyValueSpecification\",\"valueRequired\":true,\"valueName\":\"search_term_string\"}}],\"inLanguage\":\"fr-FR\"},{\"@type\":\"Organization\",\"@id\":\"https:\\\/\\\/mood-saintlaurent.com\\\/fr\\\/#organization\",\"name\":\"Mood-saintlaurent\",\"url\":\"https:\\\/\\\/mood-saintlaurent.com\\\/fr\\\/\",\"logo\":{\"@type\":\"ImageObject\",\"inLanguage\":\"fr-FR\",\"@id\":\"https:\\\/\\\/mood-saintlaurent.com\\\/fr\\\/#\\\/schema\\\/logo\\\/image\\\/\",\"url\":\"https:\\\/\\\/mood-saintlaurent.com\\\/wp-content\\\/uploads\\\/2020\\\/07\\\/ElodieRicordAgence_MOOD_logo.png\",\"contentUrl\":\"https:\\\/\\\/mood-saintlaurent.com\\\/wp-content\\\/uploads\\\/2020\\\/07\\\/ElodieRicordAgence_MOOD_logo.png\",\"width\":591,\"height\":591,\"caption\":\"Mood-saintlaurent\"},\"image\":{\"@id\":\"https:\\\/\\\/mood-saintlaurent.com\\\/fr\\\/#\\\/schema\\\/logo\\\/image\\\/\"},\"sameAs\":[\"https:\\\/\\\/www.facebook.com\\\/MOODStLaurent\\\/\",\"https:\\\/\\\/www.instagram.com\\\/mood_stlaurent\\\/\"]}]}<\/script>\n<!-- \/ Yoast SEO plugin. -->","yoast_head_json":{"title":"MOOD une histoire de famille et d\u2019amiti\u00e9 - Mood-saintlaurent","description":"Le restaurant MOOD, ils l\u2019ont imagin\u00e9 et con\u00e7u \u00e0 leur image \u2013 convivial, simple mais tendance et intransigeant sur la qualit\u00e9. Ce niveau de qualit\u00e9 qu\u2019ils aiment eux-m\u00eames trouver quand ils vont diner dans des restaurants. Le choix de la bistronomie leur ressemble, c\u2019est une fa\u00e7on de faire du tr\u00e8s bon en le rendant accessible.","robots":{"index":"index","follow":"follow","max-snippet":"max-snippet:-1","max-image-preview":"max-image-preview:large","max-video-preview":"max-video-preview:-1"},"canonical":"https:\/\/mood-saintlaurent.com\/fr\/une-histoire-de-famille-et-d-amitie\/","og_locale":"fr_FR","og_type":"article","og_title":"MOOD une histoire de famille et d\u2019amiti\u00e9 - Mood-saintlaurent","og_description":"Le restaurant MOOD, ils l\u2019ont imagin\u00e9 et con\u00e7u \u00e0 leur image \u2013 convivial, simple mais tendance et intransigeant sur la qualit\u00e9. Ce niveau de qualit\u00e9 qu\u2019ils aiment eux-m\u00eames trouver quand ils vont diner dans des restaurants. Le choix de la bistronomie leur ressemble, c\u2019est une fa\u00e7on de faire du tr\u00e8s bon en le rendant accessible.","og_url":"https:\/\/mood-saintlaurent.com\/fr\/une-histoire-de-famille-et-d-amitie\/","og_site_name":"Mood-saintlaurent","article_publisher":"https:\/\/www.facebook.com\/MOODStLaurent\/","article_modified_time":"2023-08-09T12:03:19+00:00","og_image":[{"width":2560,"height":1707,"url":"https:\/\/mood-saintlaurent.com\/wp-content\/uploads\/2020\/10\/ambiance_MOOD_001-scaled.jpg","type":"image\/jpeg"}],"twitter_card":"summary_large_image","twitter_misc":{"Dur\u00e9e de lecture estim\u00e9e":"3 minutes"},"schema":{"@context":"https:\/\/schema.org","@graph":[{"@type":"WebPage","@id":"https:\/\/mood-saintlaurent.com\/fr\/une-histoire-de-famille-et-d-amitie\/","url":"https:\/\/mood-saintlaurent.com\/fr\/une-histoire-de-famille-et-d-amitie\/","name":"MOOD une histoire de famille et d\u2019amiti\u00e9 - Mood-saintlaurent","isPartOf":{"@id":"https:\/\/mood-saintlaurent.com\/fr\/#website"},"datePublished":"2019-01-07T10:49:53+00:00","dateModified":"2023-08-09T12:03:19+00:00","description":"Le restaurant MOOD, ils l\u2019ont imagin\u00e9 et con\u00e7u \u00e0 leur image \u2013 convivial, simple mais tendance et intransigeant sur la qualit\u00e9. Ce niveau de qualit\u00e9 qu\u2019ils aiment eux-m\u00eames trouver quand ils vont diner dans des restaurants. Le choix de la bistronomie leur ressemble, c\u2019est une fa\u00e7on de faire du tr\u00e8s bon en le rendant accessible.","breadcrumb":{"@id":"https:\/\/mood-saintlaurent.com\/fr\/une-histoire-de-famille-et-d-amitie\/#breadcrumb"},"inLanguage":"fr-FR","potentialAction":[{"@type":"ReadAction","target":["https:\/\/mood-saintlaurent.com\/fr\/une-histoire-de-famille-et-d-amitie\/"]}]},{"@type":"BreadcrumbList","@id":"https:\/\/mood-saintlaurent.com\/fr\/une-histoire-de-famille-et-d-amitie\/#breadcrumb","itemListElement":[{"@type":"ListItem","position":1,"name":"Accueil","item":"https:\/\/mood-saintlaurent.com\/fr\/"},{"@type":"ListItem","position":2,"name":"MOOD une histoire de famille et d\u2019amiti\u00e9"}]},{"@type":"WebSite","@id":"https:\/\/mood-saintlaurent.com\/fr\/#website","url":"https:\/\/mood-saintlaurent.com\/fr\/","name":"Mood-saintlaurent","description":"MOOD pour bien manger et se d\u00e9tendre","publisher":{"@id":"https:\/\/mood-saintlaurent.com\/fr\/#organization"},"potentialAction":[{"@type":"SearchAction","target":{"@type":"EntryPoint","urlTemplate":"https:\/\/mood-saintlaurent.com\/fr\/?s={search_term_string}"},"query-input":{"@type":"PropertyValueSpecification","valueRequired":true,"valueName":"search_term_string"}}],"inLanguage":"fr-FR"},{"@type":"Organization","@id":"https:\/\/mood-saintlaurent.com\/fr\/#organization","name":"Mood-saintlaurent","url":"https:\/\/mood-saintlaurent.com\/fr\/","logo":{"@type":"ImageObject","inLanguage":"fr-FR","@id":"https:\/\/mood-saintlaurent.com\/fr\/#\/schema\/logo\/image\/","url":"https:\/\/mood-saintlaurent.com\/wp-content\/uploads\/2020\/07\/ElodieRicordAgence_MOOD_logo.png","contentUrl":"https:\/\/mood-saintlaurent.com\/wp-content\/uploads\/2020\/07\/ElodieRicordAgence_MOOD_logo.png","width":591,"height":591,"caption":"Mood-saintlaurent"},"image":{"@id":"https:\/\/mood-saintlaurent.com\/fr\/#\/schema\/logo\/image\/"},"sameAs":["https:\/\/www.facebook.com\/MOODStLaurent\/","https:\/\/www.instagram.com\/mood_stlaurent\/"]}]}},"_links":{"self":[{"href":"https:\/\/mood-saintlaurent.com\/fr\/wp-json\/wp\/v2\/pages\/360","targetHints":{"allow":["GET"]}}],"collection":[{"href":"https:\/\/mood-saintlaurent.com\/fr\/wp-json\/wp\/v2\/pages"}],"about":[{"href":"https:\/\/mood-saintlaurent.com\/fr\/wp-json\/wp\/v2\/types\/page"}],"author":[{"embeddable":true,"href":"https:\/\/mood-saintlaurent.com\/fr\/wp-json\/wp\/v2\/users\/1"}],"replies":[{"embeddable":true,"href":"https:\/\/mood-saintlaurent.com\/fr\/wp-json\/wp\/v2\/comments?post=360"}],"version-history":[{"count":5,"href":"https:\/\/mood-saintlaurent.com\/fr\/wp-json\/wp\/v2\/pages\/360\/revisions"}],"predecessor-version":[{"id":3280,"href":"https:\/\/mood-saintlaurent.com\/fr\/wp-json\/wp\/v2\/pages\/360\/revisions\/3280"}],"wp:attachment":[{"href":"https:\/\/mood-saintlaurent.com\/fr\/wp-json\/wp\/v2\/media?parent=360"}],"curies":[{"name":"wp","href":"https:\/\/api.w.org\/{rel}","templated":true}]}}