{"id":3367,"date":"2023-12-08T16:52:53","date_gmt":"2023-12-08T15:52:53","guid":{"rendered":"https:\/\/mood-saintlaurent.com\/?page_id=3367"},"modified":"2023-12-08T18:27:53","modified_gmt":"2023-12-08T17:27:53","slug":"menu-a-4-mains-au-mood-le-14-decembre","status":"publish","type":"page","link":"https:\/\/mood-saintlaurent.com\/fr\/menu-a-4-mains-au-mood-le-14-decembre\/","title":{"rendered":"Menu \u00e0 4 mains au MOOD le 14 d\u00e9cembre"},"content":{"rendered":"\n<p>Un \u00e9v\u00e9nement au MOOD<\/p>\n\n\n\n<p>Une exp\u00e9rience gustative extraordinaire aura lieu au mood le jeudi 14 d\u00e9cembre 2023. <img loading=\"lazy\" decoding=\"async\" alt=\"\u2728\" src=\"https:\/\/static.xx.fbcdn.net\/images\/emoji.php\/v9\/tf4\/1\/16\/2728.png\" width=\"16\" height=\"16\"><\/p>\n\n\n\n<p>Notre chef @fabio.merra et le chef @akharachay s\u2019associent pour cuisiner ensemble lors d\u2019une soir\u00e9e. Avec ce d\u00eener \u00e0 4 mains, les deux chefs vous proposeront un v\u00e9ritable festival de saveurs. <img loading=\"lazy\" decoding=\"async\" alt=\"\ud83c\udf7d\" src=\"https:\/\/static.xx.fbcdn.net\/images\/emoji.php\/v9\/t98\/1\/16\/1f37d.png\" width=\"16\" height=\"16\"><\/p>\n\n\n\n<p>R\u00e9servez d\u00e8s \u00e0 pr\u00e9sent : 04 93 14 23 09<\/p>\n\n\n\n<p>Pour r\u00e9server d\u00e8s maintenant, appelez au 04 93 14 23 09 ou r\u00e9servez en ligne : <a href=\"https:\/\/mood-saintlaurent.com\/Reservation\/\">https:\/\/mood-saintlaurent.com\/Reservation\/<\/a>&nbsp;\u00bb<\/p>\n\n\n\n<div class=\"wp-block-group\"><div class=\"wp-block-group__inner-container is-layout-constrained wp-block-group-is-layout-constrained\">\n<figure class=\"wp-block-gallery has-nested-images columns-default is-cropped wp-block-gallery-1 is-layout-flex wp-block-gallery-is-layout-flex\">\n<figure class=\"wp-block-image size-large is-style-default\"><img loading=\"lazy\" decoding=\"async\" width=\"819\" height=\"1024\" data-id=\"3368\" src=\"https:\/\/mood-saintlaurent.com\/wp-content\/uploads\/2023\/12\/LES-2-CHEFS-819x1024.jpg\" alt=\"\" class=\"wp-image-3368\" srcset=\"https:\/\/mood-saintlaurent.com\/wp-content\/uploads\/2023\/12\/LES-2-CHEFS-819x1024.jpg 819w, https:\/\/mood-saintlaurent.com\/wp-content\/uploads\/2023\/12\/LES-2-CHEFS-240x300.jpg 240w, https:\/\/mood-saintlaurent.com\/wp-content\/uploads\/2023\/12\/LES-2-CHEFS-768x960.jpg 768w, https:\/\/mood-saintlaurent.com\/wp-content\/uploads\/2023\/12\/LES-2-CHEFS-1229x1536.jpg 1229w, https:\/\/mood-saintlaurent.com\/wp-content\/uploads\/2023\/12\/LES-2-CHEFS-630x788.jpg 630w, https:\/\/mood-saintlaurent.com\/wp-content\/uploads\/2023\/12\/LES-2-CHEFS-1320x1650.jpg 1320w, https:\/\/mood-saintlaurent.com\/wp-content\/uploads\/2023\/12\/LES-2-CHEFS.jpg 1638w\" sizes=\"auto, (max-width: 819px) 100vw, 819px\" \/><\/figure>\n<\/figure>\n<\/div><\/div>\n\n\n<div class=\"wp-block-image is-style-default\">\n<figure class=\"aligncenter size-full\"><img loading=\"lazy\" decoding=\"async\" width=\"492\" height=\"727\" src=\"https:\/\/mood-saintlaurent.com\/wp-content\/uploads\/2023\/12\/MENU.jpg\" alt=\"\" class=\"wp-image-3371\" srcset=\"https:\/\/mood-saintlaurent.com\/wp-content\/uploads\/2023\/12\/MENU.jpg 492w, https:\/\/mood-saintlaurent.com\/wp-content\/uploads\/2023\/12\/MENU-203x300.jpg 203w\" sizes=\"auto, (max-width: 492px) 100vw, 492px\" \/><\/figure>\n<\/div>\n\n\n<p class=\"has-text-align-center\"><a href=\"https:\/\/mood-saintlaurent.com\/Reservation\/\">R\u00e9servez ce moment inoubliable !<\/a><\/p>\n","protected":false},"excerpt":{"rendered":"<p>Un \u00e9v\u00e9nement au MOOD Une exp\u00e9rience gustative extraordinaire aura lieu au mood le jeudi 14 d\u00e9cembre 2023. Notre chef @fabio.merra et le chef @akharachay s\u2019associent pour cuisiner ensemble lors d\u2019une soir\u00e9e. Avec ce d\u00eener \u00e0 4 mains, les deux chefs vous proposeront un v\u00e9ritable festival de saveurs. R\u00e9servez d\u00e8s \u00e0 pr\u00e9sent : 04 93 14 [&hellip;]<\/p>\n","protected":false},"author":1,"featured_media":0,"parent":0,"menu_order":0,"comment_status":"closed","ping_status":"closed","template":"","meta":{"footnotes":""},"class_list":["post-3367","page","type-page","status-publish","hentry"],"yoast_head":"<!-- This site is optimized with the Yoast SEO plugin v27.4 - https:\/\/yoast.com\/product\/yoast-seo-wordpress\/ -->\n<title>Menu \u00e0 4 mains au MOOD le 14 d\u00e9cembre - Mood-saintlaurent<\/title>\n<meta name=\"robots\" content=\"index, follow, max-snippet:-1, max-image-preview:large, max-video-preview:-1\" \/>\n<link rel=\"canonical\" href=\"https:\/\/mood-saintlaurent.com\/fr\/menu-a-4-mains-au-mood-le-14-decembre\/\" \/>\n<meta property=\"og:locale\" content=\"fr_FR\" \/>\n<meta property=\"og:type\" content=\"article\" \/>\n<meta property=\"og:title\" content=\"Menu \u00e0 4 mains au MOOD le 14 d\u00e9cembre - Mood-saintlaurent\" \/>\n<meta property=\"og:description\" content=\"Un \u00e9v\u00e9nement au MOOD Une exp\u00e9rience gustative extraordinaire aura lieu au mood le jeudi 14 d\u00e9cembre 2023. Notre chef @fabio.merra et le chef @akharachay s\u2019associent pour cuisiner ensemble lors d\u2019une soir\u00e9e. Avec ce d\u00eener \u00e0 4 mains, les deux chefs vous proposeront un v\u00e9ritable festival de saveurs. R\u00e9servez d\u00e8s \u00e0 pr\u00e9sent : 04 93 14 [&hellip;]\" \/>\n<meta property=\"og:url\" content=\"https:\/\/mood-saintlaurent.com\/fr\/menu-a-4-mains-au-mood-le-14-decembre\/\" \/>\n<meta property=\"og:site_name\" content=\"Mood-saintlaurent\" \/>\n<meta property=\"article:publisher\" content=\"https:\/\/www.facebook.com\/MOODStLaurent\/\" \/>\n<meta property=\"article:modified_time\" content=\"2023-12-08T17:27:53+00:00\" \/>\n<meta property=\"og:image\" content=\"https:\/\/static.xx.fbcdn.net\/images\/emoji.php\/v9\/tf4\/1\/16\/2728.png\" \/>\n<meta name=\"twitter:card\" content=\"summary_large_image\" \/>\n<meta name=\"twitter:label1\" content=\"Dur\u00e9e de lecture estim\u00e9e\" \/>\n\t<meta name=\"twitter:data1\" content=\"2 minutes\" \/>\n<script type=\"application\/ld+json\" class=\"yoast-schema-graph\">{\"@context\":\"https:\\\/\\\/schema.org\",\"@graph\":[{\"@type\":\"WebPage\",\"@id\":\"https:\\\/\\\/mood-saintlaurent.com\\\/fr\\\/menu-a-4-mains-au-mood-le-14-decembre\\\/\",\"url\":\"https:\\\/\\\/mood-saintlaurent.com\\\/fr\\\/menu-a-4-mains-au-mood-le-14-decembre\\\/\",\"name\":\"Menu \u00e0 4 mains au MOOD le 14 d\u00e9cembre - Mood-saintlaurent\",\"isPartOf\":{\"@id\":\"https:\\\/\\\/mood-saintlaurent.com\\\/fr\\\/#website\"},\"primaryImageOfPage\":{\"@id\":\"https:\\\/\\\/mood-saintlaurent.com\\\/fr\\\/menu-a-4-mains-au-mood-le-14-decembre\\\/#primaryimage\"},\"image\":{\"@id\":\"https:\\\/\\\/mood-saintlaurent.com\\\/fr\\\/menu-a-4-mains-au-mood-le-14-decembre\\\/#primaryimage\"},\"thumbnailUrl\":\"https:\\\/\\\/static.xx.fbcdn.net\\\/images\\\/emoji.php\\\/v9\\\/tf4\\\/1\\\/16\\\/2728.png\",\"datePublished\":\"2023-12-08T15:52:53+00:00\",\"dateModified\":\"2023-12-08T17:27:53+00:00\",\"breadcrumb\":{\"@id\":\"https:\\\/\\\/mood-saintlaurent.com\\\/fr\\\/menu-a-4-mains-au-mood-le-14-decembre\\\/#breadcrumb\"},\"inLanguage\":\"fr-FR\",\"potentialAction\":[{\"@type\":\"ReadAction\",\"target\":[\"https:\\\/\\\/mood-saintlaurent.com\\\/fr\\\/menu-a-4-mains-au-mood-le-14-decembre\\\/\"]}]},{\"@type\":\"ImageObject\",\"inLanguage\":\"fr-FR\",\"@id\":\"https:\\\/\\\/mood-saintlaurent.com\\\/fr\\\/menu-a-4-mains-au-mood-le-14-decembre\\\/#primaryimage\",\"url\":\"https:\\\/\\\/static.xx.fbcdn.net\\\/images\\\/emoji.php\\\/v9\\\/tf4\\\/1\\\/16\\\/2728.png\",\"contentUrl\":\"https:\\\/\\\/static.xx.fbcdn.net\\\/images\\\/emoji.php\\\/v9\\\/tf4\\\/1\\\/16\\\/2728.png\"},{\"@type\":\"BreadcrumbList\",\"@id\":\"https:\\\/\\\/mood-saintlaurent.com\\\/fr\\\/menu-a-4-mains-au-mood-le-14-decembre\\\/#breadcrumb\",\"itemListElement\":[{\"@type\":\"ListItem\",\"position\":1,\"name\":\"Accueil\",\"item\":\"https:\\\/\\\/mood-saintlaurent.com\\\/fr\\\/\"},{\"@type\":\"ListItem\",\"position\":2,\"name\":\"Menu \u00e0 4 mains au MOOD le 14 d\u00e9cembre\"}]},{\"@type\":\"WebSite\",\"@id\":\"https:\\\/\\\/mood-saintlaurent.com\\\/fr\\\/#website\",\"url\":\"https:\\\/\\\/mood-saintlaurent.com\\\/fr\\\/\",\"name\":\"Mood-saintlaurent\",\"description\":\"MOOD pour bien manger et se d\u00e9tendre\",\"publisher\":{\"@id\":\"https:\\\/\\\/mood-saintlaurent.com\\\/fr\\\/#organization\"},\"potentialAction\":[{\"@type\":\"SearchAction\",\"target\":{\"@type\":\"EntryPoint\",\"urlTemplate\":\"https:\\\/\\\/mood-saintlaurent.com\\\/fr\\\/?s={search_term_string}\"},\"query-input\":{\"@type\":\"PropertyValueSpecification\",\"valueRequired\":true,\"valueName\":\"search_term_string\"}}],\"inLanguage\":\"fr-FR\"},{\"@type\":\"Organization\",\"@id\":\"https:\\\/\\\/mood-saintlaurent.com\\\/fr\\\/#organization\",\"name\":\"Mood-saintlaurent\",\"url\":\"https:\\\/\\\/mood-saintlaurent.com\\\/fr\\\/\",\"logo\":{\"@type\":\"ImageObject\",\"inLanguage\":\"fr-FR\",\"@id\":\"https:\\\/\\\/mood-saintlaurent.com\\\/fr\\\/#\\\/schema\\\/logo\\\/image\\\/\",\"url\":\"https:\\\/\\\/mood-saintlaurent.com\\\/wp-content\\\/uploads\\\/2020\\\/07\\\/ElodieRicordAgence_MOOD_logo.png\",\"contentUrl\":\"https:\\\/\\\/mood-saintlaurent.com\\\/wp-content\\\/uploads\\\/2020\\\/07\\\/ElodieRicordAgence_MOOD_logo.png\",\"width\":591,\"height\":591,\"caption\":\"Mood-saintlaurent\"},\"image\":{\"@id\":\"https:\\\/\\\/mood-saintlaurent.com\\\/fr\\\/#\\\/schema\\\/logo\\\/image\\\/\"},\"sameAs\":[\"https:\\\/\\\/www.facebook.com\\\/MOODStLaurent\\\/\",\"https:\\\/\\\/www.instagram.com\\\/mood_stlaurent\\\/\"]}]}<\/script>\n<!-- \/ Yoast SEO plugin. -->","yoast_head_json":{"title":"Menu \u00e0 4 mains au MOOD le 14 d\u00e9cembre - Mood-saintlaurent","robots":{"index":"index","follow":"follow","max-snippet":"max-snippet:-1","max-image-preview":"max-image-preview:large","max-video-preview":"max-video-preview:-1"},"canonical":"https:\/\/mood-saintlaurent.com\/fr\/menu-a-4-mains-au-mood-le-14-decembre\/","og_locale":"fr_FR","og_type":"article","og_title":"Menu \u00e0 4 mains au MOOD le 14 d\u00e9cembre - Mood-saintlaurent","og_description":"Un \u00e9v\u00e9nement au MOOD Une exp\u00e9rience gustative extraordinaire aura lieu au mood le jeudi 14 d\u00e9cembre 2023. Notre chef @fabio.merra et le chef @akharachay s\u2019associent pour cuisiner ensemble lors d\u2019une soir\u00e9e. Avec ce d\u00eener \u00e0 4 mains, les deux chefs vous proposeront un v\u00e9ritable festival de saveurs. R\u00e9servez d\u00e8s \u00e0 pr\u00e9sent : 04 93 14 [&hellip;]","og_url":"https:\/\/mood-saintlaurent.com\/fr\/menu-a-4-mains-au-mood-le-14-decembre\/","og_site_name":"Mood-saintlaurent","article_publisher":"https:\/\/www.facebook.com\/MOODStLaurent\/","article_modified_time":"2023-12-08T17:27:53+00:00","og_image":[{"url":"https:\/\/static.xx.fbcdn.net\/images\/emoji.php\/v9\/tf4\/1\/16\/2728.png","type":"","width":"","height":""}],"twitter_card":"summary_large_image","twitter_misc":{"Dur\u00e9e de lecture estim\u00e9e":"2 minutes"},"schema":{"@context":"https:\/\/schema.org","@graph":[{"@type":"WebPage","@id":"https:\/\/mood-saintlaurent.com\/fr\/menu-a-4-mains-au-mood-le-14-decembre\/","url":"https:\/\/mood-saintlaurent.com\/fr\/menu-a-4-mains-au-mood-le-14-decembre\/","name":"Menu \u00e0 4 mains au MOOD le 14 d\u00e9cembre - Mood-saintlaurent","isPartOf":{"@id":"https:\/\/mood-saintlaurent.com\/fr\/#website"},"primaryImageOfPage":{"@id":"https:\/\/mood-saintlaurent.com\/fr\/menu-a-4-mains-au-mood-le-14-decembre\/#primaryimage"},"image":{"@id":"https:\/\/mood-saintlaurent.com\/fr\/menu-a-4-mains-au-mood-le-14-decembre\/#primaryimage"},"thumbnailUrl":"https:\/\/static.xx.fbcdn.net\/images\/emoji.php\/v9\/tf4\/1\/16\/2728.png","datePublished":"2023-12-08T15:52:53+00:00","dateModified":"2023-12-08T17:27:53+00:00","breadcrumb":{"@id":"https:\/\/mood-saintlaurent.com\/fr\/menu-a-4-mains-au-mood-le-14-decembre\/#breadcrumb"},"inLanguage":"fr-FR","potentialAction":[{"@type":"ReadAction","target":["https:\/\/mood-saintlaurent.com\/fr\/menu-a-4-mains-au-mood-le-14-decembre\/"]}]},{"@type":"ImageObject","inLanguage":"fr-FR","@id":"https:\/\/mood-saintlaurent.com\/fr\/menu-a-4-mains-au-mood-le-14-decembre\/#primaryimage","url":"https:\/\/static.xx.fbcdn.net\/images\/emoji.php\/v9\/tf4\/1\/16\/2728.png","contentUrl":"https:\/\/static.xx.fbcdn.net\/images\/emoji.php\/v9\/tf4\/1\/16\/2728.png"},{"@type":"BreadcrumbList","@id":"https:\/\/mood-saintlaurent.com\/fr\/menu-a-4-mains-au-mood-le-14-decembre\/#breadcrumb","itemListElement":[{"@type":"ListItem","position":1,"name":"Accueil","item":"https:\/\/mood-saintlaurent.com\/fr\/"},{"@type":"ListItem","position":2,"name":"Menu \u00e0 4 mains au MOOD le 14 d\u00e9cembre"}]},{"@type":"WebSite","@id":"https:\/\/mood-saintlaurent.com\/fr\/#website","url":"https:\/\/mood-saintlaurent.com\/fr\/","name":"Mood-saintlaurent","description":"MOOD pour bien manger et se d\u00e9tendre","publisher":{"@id":"https:\/\/mood-saintlaurent.com\/fr\/#organization"},"potentialAction":[{"@type":"SearchAction","target":{"@type":"EntryPoint","urlTemplate":"https:\/\/mood-saintlaurent.com\/fr\/?s={search_term_string}"},"query-input":{"@type":"PropertyValueSpecification","valueRequired":true,"valueName":"search_term_string"}}],"inLanguage":"fr-FR"},{"@type":"Organization","@id":"https:\/\/mood-saintlaurent.com\/fr\/#organization","name":"Mood-saintlaurent","url":"https:\/\/mood-saintlaurent.com\/fr\/","logo":{"@type":"ImageObject","inLanguage":"fr-FR","@id":"https:\/\/mood-saintlaurent.com\/fr\/#\/schema\/logo\/image\/","url":"https:\/\/mood-saintlaurent.com\/wp-content\/uploads\/2020\/07\/ElodieRicordAgence_MOOD_logo.png","contentUrl":"https:\/\/mood-saintlaurent.com\/wp-content\/uploads\/2020\/07\/ElodieRicordAgence_MOOD_logo.png","width":591,"height":591,"caption":"Mood-saintlaurent"},"image":{"@id":"https:\/\/mood-saintlaurent.com\/fr\/#\/schema\/logo\/image\/"},"sameAs":["https:\/\/www.facebook.com\/MOODStLaurent\/","https:\/\/www.instagram.com\/mood_stlaurent\/"]}]}},"_links":{"self":[{"href":"https:\/\/mood-saintlaurent.com\/fr\/wp-json\/wp\/v2\/pages\/3367","targetHints":{"allow":["GET"]}}],"collection":[{"href":"https:\/\/mood-saintlaurent.com\/fr\/wp-json\/wp\/v2\/pages"}],"about":[{"href":"https:\/\/mood-saintlaurent.com\/fr\/wp-json\/wp\/v2\/types\/page"}],"author":[{"embeddable":true,"href":"https:\/\/mood-saintlaurent.com\/fr\/wp-json\/wp\/v2\/users\/1"}],"replies":[{"embeddable":true,"href":"https:\/\/mood-saintlaurent.com\/fr\/wp-json\/wp\/v2\/comments?post=3367"}],"version-history":[{"count":5,"href":"https:\/\/mood-saintlaurent.com\/fr\/wp-json\/wp\/v2\/pages\/3367\/revisions"}],"predecessor-version":[{"id":3383,"href":"https:\/\/mood-saintlaurent.com\/fr\/wp-json\/wp\/v2\/pages\/3367\/revisions\/3383"}],"wp:attachment":[{"href":"https:\/\/mood-saintlaurent.com\/fr\/wp-json\/wp\/v2\/media?parent=3367"}],"curies":[{"name":"wp","href":"https:\/\/api.w.org\/{rel}","templated":true}]}}