{"id":2,"date":"2020-07-17T07:18:47","date_gmt":"2020-07-17T07:18:47","guid":{"rendered":"http:\/\/mood-saintlaurent.com\/?page_id=2"},"modified":"2024-12-30T17:49:20","modified_gmt":"2024-12-30T16:49:20","slug":"le-chef","status":"publish","type":"page","link":"https:\/\/mood-saintlaurent.com\/fr\/le-chef\/","title":{"rendered":"Le Chef"},"content":{"rendered":"\n<p><strong>Fabio MERRA: Portrait d\u2019un chef passionn\u00e9 et cr\u00e9atif.<\/strong><\/p>\n\n\n\n<blockquote class=\"wp-block-quote is-layout-flow wp-block-quote-is-layout-flow\"><p><strong><em>Fabio, qui es-tu&nbsp;?<\/em><\/strong><\/p><\/blockquote>\n\n\n\n<p>Je suis n\u00e9 dans la r\u00e9gion des Pouilles \u00e0 Corato, en Italie. C\u2019est ma famille qui m\u2019a inculqu\u00e9 l\u2019amour de la cuisine et c\u2019est tr\u00e8s vite devenu une passion. La gastronomie est ce qui a toujours rythm\u00e9 nos vacances et nos d\u00e9placements touristiques. Parcourir des kilom\u00e8tres pour aller manger dans un bon restaurant ne nous a jamais fait peur. J\u2019ai pris l\u2019habitude d\u2019aller p\u00eacher et chasser avec mon p\u00e8re pour ensuite aller seconder mon grand-p\u00e8re en cuisine dans notre maison de campagne non loin de Castel del Monte, un ch\u00e2teau italien du XIII\u1d49 si\u00e8cle class\u00e9 monument historique. C\u2019est \u00e0 13 ans que j\u2019ai d\u00e9cid\u00e9 que je serai un grand cuisinier. J\u2019ai int\u00e9gr\u00e9 donc un lyc\u00e9e h\u00f4telier de Roccaraso dans les Abruzzes. Apr\u00e8s y avoir \u00e9tudi\u00e9 pendant 5 ans, j\u2019ai obtenu mon BAC puis mon BTS H\u00f4tellerie Restauration. J\u2019ai fait mes d\u00e9buts aupr\u00e8s des restaurants et trattoria dans les Abruzzes puis en Emilie (r\u00e9gion d\u2019Italie) \u00e0 Bologne et Ferrare. En 2005, ma carri\u00e8re a connu un important tournant car j\u2019ai 21 ans quand je suis engag\u00e9 en tant que p\u00e2tissier en Toscane \u00e0 la Trattoria Hotel l&rsquo;Andana, Auberge d\u2019Alain Ducasse.&nbsp;C\u2019est en travaillant l\u00e0-bas que j\u2019ai fait la connaissance de celle qui deviendra ma compagne, Laura et qu\u2019est n\u00e9e ma passion pour la cuisine gastronomique m\u00e9diterran\u00e9enne. Mon aventure s\u2019est ensuite poursuivie \u00e0 Monaco, H\u00f4tel de Paris. Quelques ann\u00e9es apr\u00e8s, j\u2019ai eu l\u2019honneur de me voir proposer par Alain Ducasse en personne de poursuivre ma formation dans la capitale&nbsp;: \u00e0 Paris. J\u2019y ai acquis les secrets de la grande cuisine \u00e0 la fran\u00e7aise et la technicit\u00e9 des palaces Parisiens. En 2010, j\u2019ai d\u00e9cid\u00e9 d\u2019ouvrir mon restaurant avec ma compagne&nbsp;: le Vino e Cucina. Ce fut un tel succ\u00e8s, que je me suis lanc\u00e9 dans l\u2019ouverture d\u2019une fromagerie en 2015. Je voulais relever le d\u00e9fi de fabriquer moi-m\u00eame la Mozzarella Burrata BIO et locale.<\/p>\n\n\n\n<p>L\u2019aventure \u00e9tait passionnante mais l\u2019appel de la cuisine \u00e9tait trop fort. C\u2019est \u00e0 ce moment-l\u00e0 que j\u2019ai fait la rencontre de la famille RAGNI, la suite reste encore \u00e0 \u00e9crire\u2026<\/p>\n\n\n\n<h4 class=\"wp-block-heading\"><strong><em>Un caract\u00e8re bien tremp\u00e9 non&nbsp;?<\/em><\/strong><\/h4>\n\n\n\n<p><strong><em>Un caract\u00e8re bien tremp\u00e9 non&nbsp;?<\/em><\/strong><\/p>\n\n\n\n<p>Je me d\u00e9finis comme \u00e9tant une personne rigoureuse et pers\u00e9v\u00e9rante, je sais ce que je veux. Mais avant tout je suis quelqu\u2019un de g\u00e9n\u00e9reux, cr\u00e9atif et passionn\u00e9.<\/p>\n\n\n\n<p><strong><em>Comment d\u00e9finissez-vous votre cuisine : bistronomie d&rsquo;influence m\u00e9diterran\u00e9enne contemporaine<\/em><\/strong><strong><em>&nbsp;<\/em><\/strong><strong><em>? ou pas forc<\/em><\/strong><strong><em>\u00e9<\/em><\/strong><strong><em>ment<\/em><\/strong><strong><em>&nbsp;<\/em><\/strong><strong><em>?<\/em><\/strong><strong><em>&nbsp;<\/em><\/strong><strong><em><\/em><\/strong><\/p>\n\n\n\n<p>Je ne serais pas capable de donner un nom \u00e0&nbsp;mon style de cuisine. J&rsquo;aime le produit et je fais en sorte d&rsquo;en tirer le meilleur. Mais il est \u00e9vident qu\u2019une&nbsp;forte influence m\u00e9diterran\u00e9enne est&nbsp;pr\u00e9sente dans ma cuisine avec une technique issue de la grande Gastronomie Fran\u00e7aise.<\/p>\n\n\n\n<p><\/p>\n\n\n\n<p><strong><em>Qu\u2019est-ce qui influence votre cuisine<\/em><\/strong><strong><em>&nbsp;<\/em><\/strong><strong><em>?<\/em><\/strong><\/p>\n\n\n\n<p>J\u2019ai une cuisine&nbsp;\u00e0 l\u2019influence tr\u00e8s m\u00e9diterran\u00e9enne.&nbsp; Alain Ducasse est \u00e9videmment un chef qui m\u2019inspire.<\/p>\n\n\n\n<p>Gilles Epi\u00e9&nbsp;(le chef des stars \u00e0 Los Angeles) avec qui j&rsquo;ai eu la chance de participer&nbsp;\u00e0&nbsp;plusieurs \u00e9missions&nbsp;de t\u00e9l\u00e9 notamment&nbsp;Les Escapades de Petitrenaud, m\u2019a appris \u00e0 int\u00e9grer l\u2019Asie \u00e0 mes plats, \u00e0 utiliser&nbsp;les ingr\u00e9dients&nbsp;de la cuisine Japonaise et P\u00e9ruvienne.&nbsp; Sa grande&nbsp;notori\u00e9t\u00e9&nbsp;aupr\u00e8s&nbsp;de la presse et du showbiz parisien m\u2019a \u00e9t\u00e9 d\u2019une grande aide.<\/p>\n\n\n\n<p><strong>Vous avez l\u2019air jeune mais vous avez d\u00e9j\u00e0 plus de 15 ans d\u2019exp\u00e9rience, parlez-nous votre parcours en quelques dates clefs,<\/strong><\/p>\n\n\n\n<p><strong>Octobre 2015 \u2013 Pr\u00e9sent<\/strong>&nbsp;: Fondateur g\u00e9rant d&rsquo;une fromagerie artisanale BIO locale,<\/p>\n\n\n\n<p>Casa della Burrata<\/p>\n\n\n\n<p><strong>Octobre 2010 &#8211; Mai 2017<\/strong>&nbsp;: Propri\u00e9taire, g\u00e9rant et chef Vino e Cucina<\/p>\n\n\n\n<p><strong>F\u00e9vrier 2007 &#8211; Juillet 2009<\/strong>&nbsp;: second de cuisine Citrus Etoile<\/p>\n\n\n\n<p><strong>Janvier 2007 &#8211; Avril 2007<\/strong>&nbsp;: chef p\u00e2tissier Spoon Food and Wine, Alain Ducasse<\/p>\n\n\n\n<p><strong>F\u00e9vrier 2006 &#8211; Septembre 2006<\/strong>&nbsp;: Commis p\u00e2tissier H\u00f4tel de Paris, \u00e0 Monte Carlo<\/p>\n\n\n\n<p><strong>Avril 2005 &#8211; Octobre 2005<\/strong>&nbsp;: Commis p\u00e2tissier L&rsquo;Andana srl Alain Ducasse 1* guide Michelin<\/p>\n\n\n\n<p><strong>Janvier 2005 &#8211; Avril 2005<\/strong>&nbsp;: second de cuisine Hostaria Savonarola<\/p>\n\n\n\n<p><strong>2002<\/strong>&nbsp;:&nbsp;Brevet de technicien sup\u00e9rieur Ecole H\u00f4teli\u00e8re E. de Panlis dal 1960<\/p>\n\n\n\n<p><strong>2000<\/strong>&nbsp;: Baccalaur\u00e9at technologique h\u00f4tellerie restauration Ecole h\u00f4teli\u00e8re E. de Panlis dal 1960<\/p>\n\n\n\n<p><strong>Pourquoi avoir choisi de faire partie de l&rsquo;aventure MOOD<\/strong><strong>&nbsp;<\/strong><strong>?<\/strong><\/p>\n\n\n\n<p>Ma rencontre avec la famille RAGNI a \u00e9t\u00e9&nbsp;tr\u00e8s positive, ils ont enti\u00e8rement&nbsp;confiance en moi et leur projet me plait beaucoup. J&rsquo;adore le challenge que&nbsp;repr\u00e9sente&nbsp;l&rsquo;ouverture d&rsquo;un&nbsp;restaurant&nbsp;: c&rsquo;est plus difficile, mais aussi plus gratifiant. Je peux&nbsp;faire ici ce que j&rsquo;ai toujours voulu&nbsp;faire dans mon restaurant (emplacement Top, superbe \u00e9quipe de cuisine, bel outil de travail\u2026).<\/p>\n\n\n\n<p>&nbsp;<strong><em>Quels sont vos partis pris en cuisine<\/em><\/strong><strong><em>&nbsp;<\/em><\/strong><strong><em>?<\/em><\/strong><\/p>\n\n\n\n<p>Une partie de l&rsquo;ancienne \u00e9quipe de mon restaurant Vino e Cucina fera partie de MOOD. Concernant&nbsp;le choix des&nbsp;fournisseurs, gr\u00e2ce&nbsp;\u00e0 mon exp\u00e9rience&nbsp;dans ma seconde entreprise Casa della Burrata, j&rsquo;ai fait la connaissance de nouveaux fournisseurs locaux, j&rsquo;en tire donc&nbsp;avantage aujourd\u2019hui&nbsp;: mara\u00eechers et poissonnier locaux, tendance poisson et crustac\u00e9s\u2026&nbsp;<\/p>\n\n\n\n<p><strong>Votre carte MOOD<\/strong><strong>&nbsp;<\/strong><strong>:<\/strong><\/p>\n\n\n\n<p>Notre objectif est de Faire de ce lieu le point de rendez-vous&nbsp;pour les amateurs de la Bistronomie sur le port de Saint-Laurent.<\/p>\n\n\n\n<ul class=\"wp-block-list\"><li>Plats incontournables futurs stars&nbsp;:<\/li><\/ul>\n\n\n\n<p>La Marmite du p\u00eacheur (selon les arrivages), le fameux cochon de lait en Porchetta avec gratin de Macaroni au foie gras (plat phare de Vino e Cucina), les Ceviche (selon Gilles Epi\u00e9) les cuissons&nbsp;et les jus (selon Ducasse).<\/p>\n\n\n\n<ul class=\"wp-block-list\"><li>Le nombre d\u2019entr\u00e9es, plats&nbsp;:<\/li><\/ul>\n\n\n\n<p>Environ 10 entr\u00e9es&nbsp;et 10 plats, plus l&rsquo;ardoise et les plats&nbsp;\u00e0 partager. La carte change&nbsp;tous les mois. L&rsquo;ardoise varie chaque jour selon mes envies et selon les arrivages.<\/p>\n\n\n\n<ul class=\"wp-block-list\"><li>Autres points \u00e0 souligner&nbsp;? Ambiance&nbsp;? Antipasti&nbsp;? \u2026<\/li><\/ul>\n\n\n\n<p>Nous mettons \u00e0 votre disposition un petit coin salon, avec possibilit\u00e9&nbsp;de d\u00e9guster&nbsp;des Antipasti \u00e0&nbsp;partager, des cocktails.<\/p>\n\n\n\n<p>Je pr\u00e9f\u00e8re&nbsp;cuisiner local, dans le vrai sens du terme, je privil\u00e9gie les produits BIO ou de l\u2019agriculture raisonn\u00e9e, respectueuse de l&rsquo;environnement et du bien-\u00eatre&nbsp;animal, notamment quand je me fournis en c\u00e9r\u00e9ales et huile d&rsquo;olive, des ingr\u00e9dients qui ont aussi une place importante dans ma cuisine. D\u2019ailleurs je veille \u00e9galement \u00e0 acheter des poissons d&rsquo;\u00e9levage, seulement&nbsp;aupr\u00e8s d&rsquo;acqua culture locales ou fran\u00e7aises.&nbsp;<\/p>\n\n\n\n<p><strong><em>Merci Fabio, on a h\u00e2te de d\u00e9couvrir votre cuisine&nbsp;!&nbsp;<\/em><\/strong><strong><em><\/em><\/strong><\/p>\n\n\n\n<p><\/p>\n","protected":false},"excerpt":{"rendered":"<p>Fabio MERRA: Portrait d\u2019un chef passionn\u00e9 et cr\u00e9atif. Fabio, qui es-tu&nbsp;? Je suis n\u00e9 dans la r\u00e9gion des Pouilles \u00e0 Corato, en Italie. C\u2019est ma famille qui m\u2019a inculqu\u00e9 l\u2019amour de la cuisine et c\u2019est tr\u00e8s vite devenu une passion. La gastronomie est ce qui a toujours rythm\u00e9 nos vacances et nos d\u00e9placements touristiques. Parcourir [&hellip;]<\/p>\n","protected":false},"author":1,"featured_media":0,"parent":0,"menu_order":0,"comment_status":"closed","ping_status":"open","template":"","meta":{"footnotes":""},"class_list":["post-2","page","type-page","status-publish","hentry"],"yoast_head":"<!-- This site is optimized with the Yoast SEO plugin v27.4 - https:\/\/yoast.com\/product\/yoast-seo-wordpress\/ -->\n<title>Le ChefD\u00e9couvrez Fabio Merra, le nouveau chef du Mood - Mood-saintlaurent<\/title>\n<meta name=\"description\" content=\"Le Mood vous pr\u00e9sente un portrait de Fabio Merra, son chef passionn\u00e9 et cr\u00e9atif avec une cuisine bistronomique d&#039;influence m\u00e9diterran\u00e9enne contemporaine\" \/>\n<meta name=\"robots\" content=\"index, follow, max-snippet:-1, max-image-preview:large, max-video-preview:-1\" \/>\n<link rel=\"canonical\" href=\"https:\/\/mood-saintlaurent.com\/fr\/le-chef\/\" \/>\n<meta property=\"og:locale\" content=\"fr_FR\" \/>\n<meta property=\"og:type\" content=\"article\" \/>\n<meta property=\"og:title\" content=\"Le ChefD\u00e9couvrez Fabio Merra, le nouveau chef du Mood - Mood-saintlaurent\" \/>\n<meta property=\"og:description\" content=\"Le Mood vous pr\u00e9sente un portrait de Fabio Merra, son chef passionn\u00e9 et cr\u00e9atif avec une cuisine bistronomique d&#039;influence m\u00e9diterran\u00e9enne contemporaine\" \/>\n<meta property=\"og:url\" content=\"https:\/\/mood-saintlaurent.com\/fr\/le-chef\/\" \/>\n<meta property=\"og:site_name\" content=\"Mood-saintlaurent\" \/>\n<meta property=\"article:publisher\" content=\"https:\/\/www.facebook.com\/MOODStLaurent\/\" \/>\n<meta property=\"article:modified_time\" content=\"2024-12-30T16:49:20+00:00\" \/>\n<meta property=\"og:image\" content=\"https:\/\/mood-saintlaurent.com\/wp-content\/uploads\/2020\/10\/ambiance_MOOD_001-scaled.jpg\" \/>\n\t<meta property=\"og:image:width\" content=\"2560\" \/>\n\t<meta property=\"og:image:height\" content=\"1707\" \/>\n\t<meta property=\"og:image:type\" content=\"image\/jpeg\" \/>\n<meta name=\"twitter:card\" content=\"summary_large_image\" \/>\n<meta name=\"twitter:label1\" content=\"Dur\u00e9e de lecture estim\u00e9e\" \/>\n\t<meta name=\"twitter:data1\" content=\"6 minutes\" \/>\n<script type=\"application\/ld+json\" class=\"yoast-schema-graph\">{\"@context\":\"https:\\\/\\\/schema.org\",\"@graph\":[{\"@type\":\"WebPage\",\"@id\":\"https:\\\/\\\/mood-saintlaurent.com\\\/fr\\\/le-chef\\\/\",\"url\":\"https:\\\/\\\/mood-saintlaurent.com\\\/fr\\\/le-chef\\\/\",\"name\":\"Le ChefD\u00e9couvrez Fabio Merra, le nouveau chef du Mood - Mood-saintlaurent\",\"isPartOf\":{\"@id\":\"https:\\\/\\\/mood-saintlaurent.com\\\/fr\\\/#website\"},\"datePublished\":\"2020-07-17T07:18:47+00:00\",\"dateModified\":\"2024-12-30T16:49:20+00:00\",\"description\":\"Le Mood vous pr\u00e9sente un portrait de Fabio Merra, son chef passionn\u00e9 et cr\u00e9atif avec une cuisine bistronomique d'influence m\u00e9diterran\u00e9enne contemporaine\",\"breadcrumb\":{\"@id\":\"https:\\\/\\\/mood-saintlaurent.com\\\/fr\\\/le-chef\\\/#breadcrumb\"},\"inLanguage\":\"fr-FR\",\"potentialAction\":[{\"@type\":\"ReadAction\",\"target\":[\"https:\\\/\\\/mood-saintlaurent.com\\\/fr\\\/le-chef\\\/\"]}]},{\"@type\":\"BreadcrumbList\",\"@id\":\"https:\\\/\\\/mood-saintlaurent.com\\\/fr\\\/le-chef\\\/#breadcrumb\",\"itemListElement\":[{\"@type\":\"ListItem\",\"position\":1,\"name\":\"Accueil\",\"item\":\"https:\\\/\\\/mood-saintlaurent.com\\\/fr\\\/\"},{\"@type\":\"ListItem\",\"position\":2,\"name\":\"Le Chef\"}]},{\"@type\":\"WebSite\",\"@id\":\"https:\\\/\\\/mood-saintlaurent.com\\\/fr\\\/#website\",\"url\":\"https:\\\/\\\/mood-saintlaurent.com\\\/fr\\\/\",\"name\":\"Mood-saintlaurent\",\"description\":\"MOOD pour bien manger et se d\u00e9tendre\",\"publisher\":{\"@id\":\"https:\\\/\\\/mood-saintlaurent.com\\\/fr\\\/#organization\"},\"potentialAction\":[{\"@type\":\"SearchAction\",\"target\":{\"@type\":\"EntryPoint\",\"urlTemplate\":\"https:\\\/\\\/mood-saintlaurent.com\\\/fr\\\/?s={search_term_string}\"},\"query-input\":{\"@type\":\"PropertyValueSpecification\",\"valueRequired\":true,\"valueName\":\"search_term_string\"}}],\"inLanguage\":\"fr-FR\"},{\"@type\":\"Organization\",\"@id\":\"https:\\\/\\\/mood-saintlaurent.com\\\/fr\\\/#organization\",\"name\":\"Mood-saintlaurent\",\"url\":\"https:\\\/\\\/mood-saintlaurent.com\\\/fr\\\/\",\"logo\":{\"@type\":\"ImageObject\",\"inLanguage\":\"fr-FR\",\"@id\":\"https:\\\/\\\/mood-saintlaurent.com\\\/fr\\\/#\\\/schema\\\/logo\\\/image\\\/\",\"url\":\"https:\\\/\\\/mood-saintlaurent.com\\\/wp-content\\\/uploads\\\/2020\\\/07\\\/ElodieRicordAgence_MOOD_logo.png\",\"contentUrl\":\"https:\\\/\\\/mood-saintlaurent.com\\\/wp-content\\\/uploads\\\/2020\\\/07\\\/ElodieRicordAgence_MOOD_logo.png\",\"width\":591,\"height\":591,\"caption\":\"Mood-saintlaurent\"},\"image\":{\"@id\":\"https:\\\/\\\/mood-saintlaurent.com\\\/fr\\\/#\\\/schema\\\/logo\\\/image\\\/\"},\"sameAs\":[\"https:\\\/\\\/www.facebook.com\\\/MOODStLaurent\\\/\",\"https:\\\/\\\/www.instagram.com\\\/mood_stlaurent\\\/\"]}]}<\/script>\n<!-- \/ Yoast SEO plugin. -->","yoast_head_json":{"title":"Le ChefD\u00e9couvrez Fabio Merra, le nouveau chef du Mood - Mood-saintlaurent","description":"Le Mood vous pr\u00e9sente un portrait de Fabio Merra, son chef passionn\u00e9 et cr\u00e9atif avec une cuisine bistronomique d'influence m\u00e9diterran\u00e9enne contemporaine","robots":{"index":"index","follow":"follow","max-snippet":"max-snippet:-1","max-image-preview":"max-image-preview:large","max-video-preview":"max-video-preview:-1"},"canonical":"https:\/\/mood-saintlaurent.com\/fr\/le-chef\/","og_locale":"fr_FR","og_type":"article","og_title":"Le ChefD\u00e9couvrez Fabio Merra, le nouveau chef du Mood - Mood-saintlaurent","og_description":"Le Mood vous pr\u00e9sente un portrait de Fabio Merra, son chef passionn\u00e9 et cr\u00e9atif avec une cuisine bistronomique d'influence m\u00e9diterran\u00e9enne contemporaine","og_url":"https:\/\/mood-saintlaurent.com\/fr\/le-chef\/","og_site_name":"Mood-saintlaurent","article_publisher":"https:\/\/www.facebook.com\/MOODStLaurent\/","article_modified_time":"2024-12-30T16:49:20+00:00","og_image":[{"width":2560,"height":1707,"url":"https:\/\/mood-saintlaurent.com\/wp-content\/uploads\/2020\/10\/ambiance_MOOD_001-scaled.jpg","type":"image\/jpeg"}],"twitter_card":"summary_large_image","twitter_misc":{"Dur\u00e9e de lecture estim\u00e9e":"6 minutes"},"schema":{"@context":"https:\/\/schema.org","@graph":[{"@type":"WebPage","@id":"https:\/\/mood-saintlaurent.com\/fr\/le-chef\/","url":"https:\/\/mood-saintlaurent.com\/fr\/le-chef\/","name":"Le ChefD\u00e9couvrez Fabio Merra, le nouveau chef du Mood - Mood-saintlaurent","isPartOf":{"@id":"https:\/\/mood-saintlaurent.com\/fr\/#website"},"datePublished":"2020-07-17T07:18:47+00:00","dateModified":"2024-12-30T16:49:20+00:00","description":"Le Mood vous pr\u00e9sente un portrait de Fabio Merra, son chef passionn\u00e9 et cr\u00e9atif avec une cuisine bistronomique d'influence m\u00e9diterran\u00e9enne contemporaine","breadcrumb":{"@id":"https:\/\/mood-saintlaurent.com\/fr\/le-chef\/#breadcrumb"},"inLanguage":"fr-FR","potentialAction":[{"@type":"ReadAction","target":["https:\/\/mood-saintlaurent.com\/fr\/le-chef\/"]}]},{"@type":"BreadcrumbList","@id":"https:\/\/mood-saintlaurent.com\/fr\/le-chef\/#breadcrumb","itemListElement":[{"@type":"ListItem","position":1,"name":"Accueil","item":"https:\/\/mood-saintlaurent.com\/fr\/"},{"@type":"ListItem","position":2,"name":"Le Chef"}]},{"@type":"WebSite","@id":"https:\/\/mood-saintlaurent.com\/fr\/#website","url":"https:\/\/mood-saintlaurent.com\/fr\/","name":"Mood-saintlaurent","description":"MOOD pour bien manger et se d\u00e9tendre","publisher":{"@id":"https:\/\/mood-saintlaurent.com\/fr\/#organization"},"potentialAction":[{"@type":"SearchAction","target":{"@type":"EntryPoint","urlTemplate":"https:\/\/mood-saintlaurent.com\/fr\/?s={search_term_string}"},"query-input":{"@type":"PropertyValueSpecification","valueRequired":true,"valueName":"search_term_string"}}],"inLanguage":"fr-FR"},{"@type":"Organization","@id":"https:\/\/mood-saintlaurent.com\/fr\/#organization","name":"Mood-saintlaurent","url":"https:\/\/mood-saintlaurent.com\/fr\/","logo":{"@type":"ImageObject","inLanguage":"fr-FR","@id":"https:\/\/mood-saintlaurent.com\/fr\/#\/schema\/logo\/image\/","url":"https:\/\/mood-saintlaurent.com\/wp-content\/uploads\/2020\/07\/ElodieRicordAgence_MOOD_logo.png","contentUrl":"https:\/\/mood-saintlaurent.com\/wp-content\/uploads\/2020\/07\/ElodieRicordAgence_MOOD_logo.png","width":591,"height":591,"caption":"Mood-saintlaurent"},"image":{"@id":"https:\/\/mood-saintlaurent.com\/fr\/#\/schema\/logo\/image\/"},"sameAs":["https:\/\/www.facebook.com\/MOODStLaurent\/","https:\/\/www.instagram.com\/mood_stlaurent\/"]}]}},"_links":{"self":[{"href":"https:\/\/mood-saintlaurent.com\/fr\/wp-json\/wp\/v2\/pages\/2","targetHints":{"allow":["GET"]}}],"collection":[{"href":"https:\/\/mood-saintlaurent.com\/fr\/wp-json\/wp\/v2\/pages"}],"about":[{"href":"https:\/\/mood-saintlaurent.com\/fr\/wp-json\/wp\/v2\/types\/page"}],"author":[{"embeddable":true,"href":"https:\/\/mood-saintlaurent.com\/fr\/wp-json\/wp\/v2\/users\/1"}],"replies":[{"embeddable":true,"href":"https:\/\/mood-saintlaurent.com\/fr\/wp-json\/wp\/v2\/comments?post=2"}],"version-history":[{"count":5,"href":"https:\/\/mood-saintlaurent.com\/fr\/wp-json\/wp\/v2\/pages\/2\/revisions"}],"predecessor-version":[{"id":3554,"href":"https:\/\/mood-saintlaurent.com\/fr\/wp-json\/wp\/v2\/pages\/2\/revisions\/3554"}],"wp:attachment":[{"href":"https:\/\/mood-saintlaurent.com\/fr\/wp-json\/wp\/v2\/media?parent=2"}],"curies":[{"name":"wp","href":"https:\/\/api.w.org\/{rel}","templated":true}]}}