{"id":1016,"date":"2020-08-25T07:51:06","date_gmt":"2020-08-25T07:51:06","guid":{"rendered":"https:\/\/mood-saintlaurent.com\/?page_id=1016"},"modified":"2025-01-28T10:50:24","modified_gmt":"2025-01-28T09:50:24","slug":"reservations-en","status":"publish","type":"page","link":"https:\/\/mood-saintlaurent.com\/en\/reservations-en\/","title":{"rendered":"Reservations-EN"},"content":{"rendered":"\n<h2 class=\"wp-block-heading\" id=\"eluidcd94d1ad\"><\/h2>\n\n\n\n<h3 class=\"wp-block-heading\" id=\"eluid2289263b\"><a href=\"https:\/\/mood-saintlaurent.com\/Reservation\/\">R\u00e9servez en ligne<\/a><\/h3>\n\n\n\n<p>Ou appelez-nous au +33 4 93 14 23 09<\/p>\n\n\n\n<p>Du Lundi au samedi :<br>10h00\/15h00 et 18h00\/23h00<br>Dimanche :<br>10h00\/15h00 et ferm\u00e9 le soir R\u00e9server une table<\/p>\n\n\n\n<p>Conditions de r\u00e9servation en ligne<br>Les r\u00e9servations en ligne sont prises en compte uniquement pour le jour suivant,<br>et ce tous les jours avant 10h,<br>pour toute r\u00e9servation le jour m\u00eame, merci de bien vouloir nous contacter par t\u00e9l\u00e9phone\u2026<\/p>\n\n\n\n<p><\/p>\n","protected":false},"excerpt":{"rendered":"<p>R\u00e9servez en ligne Ou appelez-nous au +33 4 93 14 23 09 Du Lundi au samedi :10h00\/15h00 et 18h00\/23h00Dimanche :10h00\/15h00 et ferm\u00e9 le soir R\u00e9server une table Conditions de r\u00e9servation en ligneLes r\u00e9servations en ligne sont prises en compte uniquement pour le jour suivant,et ce tous les jours avant 10h,pour toute r\u00e9servation le jour m\u00eame, [&hellip;]<\/p>\n","protected":false},"author":1,"featured_media":0,"parent":0,"menu_order":0,"comment_status":"closed","ping_status":"closed","template":"","meta":{"footnotes":""},"class_list":["post-1016","page","type-page","status-publish","hentry"],"yoast_head":"<!-- This site is optimized with the Yoast SEO plugin v27.4 - https:\/\/yoast.com\/product\/yoast-seo-wordpress\/ -->\n<title>Reservations-EN N\u2019attendez plus pour r\u00e9server au nouveau restaurant Mood R\u00e9servations-Mood-saintlaurent mood-saintlaurent<\/title>\n<meta name=\"description\" content=\"R\u00e9server une table au restaurant MOOD \u00e0 St Laurent du Var et profitez d\u2019une ambiance d\u00e9tendue autour de belles assiettes.\" \/>\n<meta name=\"robots\" content=\"index, follow, max-snippet:-1, max-image-preview:large, max-video-preview:-1\" \/>\n<link rel=\"canonical\" href=\"https:\/\/mood-saintlaurent.com\/en\/reservations-en\/\" \/>\n<meta property=\"og:locale\" content=\"en_US\" \/>\n<meta property=\"og:type\" content=\"article\" \/>\n<meta property=\"og:title\" content=\"Reservations-EN N\u2019attendez plus pour r\u00e9server au nouveau restaurant Mood R\u00e9servations-Mood-saintlaurent mood-saintlaurent\" \/>\n<meta property=\"og:description\" content=\"R\u00e9server une table au restaurant MOOD \u00e0 St Laurent du Var et profitez d\u2019une ambiance d\u00e9tendue autour de belles assiettes.\" \/>\n<meta property=\"og:url\" content=\"https:\/\/mood-saintlaurent.com\/en\/reservations-en\/\" \/>\n<meta property=\"og:site_name\" content=\"Mood-saintlaurent\" \/>\n<meta property=\"article:publisher\" content=\"https:\/\/www.facebook.com\/MOODStLaurent\/\" \/>\n<meta property=\"article:modified_time\" content=\"2025-01-28T09:50:24+00:00\" \/>\n<meta property=\"og:image\" content=\"https:\/\/mood-saintlaurent.com\/wp-content\/uploads\/2020\/10\/ambiance_MOOD_001-scaled.jpg\" \/>\n\t<meta property=\"og:image:width\" content=\"2560\" \/>\n\t<meta property=\"og:image:height\" content=\"1707\" \/>\n\t<meta property=\"og:image:type\" content=\"image\/jpeg\" \/>\n<meta name=\"twitter:card\" content=\"summary_large_image\" \/>\n<script type=\"application\/ld+json\" class=\"yoast-schema-graph\">{\"@context\":\"https:\\\/\\\/schema.org\",\"@graph\":[{\"@type\":\"WebPage\",\"@id\":\"https:\\\/\\\/mood-saintlaurent.com\\\/en\\\/reservations-en\\\/\",\"url\":\"https:\\\/\\\/mood-saintlaurent.com\\\/en\\\/reservations-en\\\/\",\"name\":\"Reservations-EN N\u2019attendez plus pour r\u00e9server au nouveau restaurant Mood R\u00e9servations-Mood-saintlaurent mood-saintlaurent\",\"isPartOf\":{\"@id\":\"https:\\\/\\\/mood-saintlaurent.com\\\/fr\\\/#website\"},\"datePublished\":\"2020-08-25T07:51:06+00:00\",\"dateModified\":\"2025-01-28T09:50:24+00:00\",\"description\":\"R\u00e9server une table au restaurant MOOD \u00e0 St Laurent du Var et profitez d\u2019une ambiance d\u00e9tendue autour de belles assiettes.\",\"inLanguage\":\"en-US\",\"potentialAction\":[{\"@type\":\"ReadAction\",\"target\":[\"https:\\\/\\\/mood-saintlaurent.com\\\/en\\\/reservations-en\\\/\"]}]},{\"@type\":\"WebSite\",\"@id\":\"https:\\\/\\\/mood-saintlaurent.com\\\/fr\\\/#website\",\"url\":\"https:\\\/\\\/mood-saintlaurent.com\\\/fr\\\/\",\"name\":\"Mood-saintlaurent\",\"description\":\"MOOD pour bien manger et se d\u00e9tendre\",\"publisher\":{\"@id\":\"https:\\\/\\\/mood-saintlaurent.com\\\/fr\\\/#organization\"},\"potentialAction\":[{\"@type\":\"SearchAction\",\"target\":{\"@type\":\"EntryPoint\",\"urlTemplate\":\"https:\\\/\\\/mood-saintlaurent.com\\\/fr\\\/?s={search_term_string}\"},\"query-input\":{\"@type\":\"PropertyValueSpecification\",\"valueRequired\":true,\"valueName\":\"search_term_string\"}}],\"inLanguage\":\"en-US\"},{\"@type\":\"Organization\",\"@id\":\"https:\\\/\\\/mood-saintlaurent.com\\\/fr\\\/#organization\",\"name\":\"Mood-saintlaurent\",\"url\":\"https:\\\/\\\/mood-saintlaurent.com\\\/fr\\\/\",\"logo\":{\"@type\":\"ImageObject\",\"inLanguage\":\"en-US\",\"@id\":\"https:\\\/\\\/mood-saintlaurent.com\\\/fr\\\/#\\\/schema\\\/logo\\\/image\\\/\",\"url\":\"https:\\\/\\\/mood-saintlaurent.com\\\/wp-content\\\/uploads\\\/2020\\\/07\\\/ElodieRicordAgence_MOOD_logo.png\",\"contentUrl\":\"https:\\\/\\\/mood-saintlaurent.com\\\/wp-content\\\/uploads\\\/2020\\\/07\\\/ElodieRicordAgence_MOOD_logo.png\",\"width\":591,\"height\":591,\"caption\":\"Mood-saintlaurent\"},\"image\":{\"@id\":\"https:\\\/\\\/mood-saintlaurent.com\\\/fr\\\/#\\\/schema\\\/logo\\\/image\\\/\"},\"sameAs\":[\"https:\\\/\\\/www.facebook.com\\\/MOODStLaurent\\\/\",\"https:\\\/\\\/www.instagram.com\\\/mood_stlaurent\\\/\"]}]}<\/script>\n<!-- \/ Yoast SEO plugin. -->","yoast_head_json":{"title":"Reservations-EN N\u2019attendez plus pour r\u00e9server au nouveau restaurant Mood R\u00e9servations-Mood-saintlaurent mood-saintlaurent","description":"R\u00e9server une table au restaurant MOOD \u00e0 St Laurent du Var et profitez d\u2019une ambiance d\u00e9tendue autour de belles assiettes.","robots":{"index":"index","follow":"follow","max-snippet":"max-snippet:-1","max-image-preview":"max-image-preview:large","max-video-preview":"max-video-preview:-1"},"canonical":"https:\/\/mood-saintlaurent.com\/en\/reservations-en\/","og_locale":"en_US","og_type":"article","og_title":"Reservations-EN N\u2019attendez plus pour r\u00e9server au nouveau restaurant Mood R\u00e9servations-Mood-saintlaurent mood-saintlaurent","og_description":"R\u00e9server une table au restaurant MOOD \u00e0 St Laurent du Var et profitez d\u2019une ambiance d\u00e9tendue autour de belles assiettes.","og_url":"https:\/\/mood-saintlaurent.com\/en\/reservations-en\/","og_site_name":"Mood-saintlaurent","article_publisher":"https:\/\/www.facebook.com\/MOODStLaurent\/","article_modified_time":"2025-01-28T09:50:24+00:00","og_image":[{"width":2560,"height":1707,"url":"https:\/\/mood-saintlaurent.com\/wp-content\/uploads\/2020\/10\/ambiance_MOOD_001-scaled.jpg","type":"image\/jpeg"}],"twitter_card":"summary_large_image","schema":{"@context":"https:\/\/schema.org","@graph":[{"@type":"WebPage","@id":"https:\/\/mood-saintlaurent.com\/en\/reservations-en\/","url":"https:\/\/mood-saintlaurent.com\/en\/reservations-en\/","name":"Reservations-EN N\u2019attendez plus pour r\u00e9server au nouveau restaurant Mood R\u00e9servations-Mood-saintlaurent mood-saintlaurent","isPartOf":{"@id":"https:\/\/mood-saintlaurent.com\/fr\/#website"},"datePublished":"2020-08-25T07:51:06+00:00","dateModified":"2025-01-28T09:50:24+00:00","description":"R\u00e9server une table au restaurant MOOD \u00e0 St Laurent du Var et profitez d\u2019une ambiance d\u00e9tendue autour de belles assiettes.","inLanguage":"en-US","potentialAction":[{"@type":"ReadAction","target":["https:\/\/mood-saintlaurent.com\/en\/reservations-en\/"]}]},{"@type":"WebSite","@id":"https:\/\/mood-saintlaurent.com\/fr\/#website","url":"https:\/\/mood-saintlaurent.com\/fr\/","name":"Mood-saintlaurent","description":"MOOD pour bien manger et se d\u00e9tendre","publisher":{"@id":"https:\/\/mood-saintlaurent.com\/fr\/#organization"},"potentialAction":[{"@type":"SearchAction","target":{"@type":"EntryPoint","urlTemplate":"https:\/\/mood-saintlaurent.com\/fr\/?s={search_term_string}"},"query-input":{"@type":"PropertyValueSpecification","valueRequired":true,"valueName":"search_term_string"}}],"inLanguage":"en-US"},{"@type":"Organization","@id":"https:\/\/mood-saintlaurent.com\/fr\/#organization","name":"Mood-saintlaurent","url":"https:\/\/mood-saintlaurent.com\/fr\/","logo":{"@type":"ImageObject","inLanguage":"en-US","@id":"https:\/\/mood-saintlaurent.com\/fr\/#\/schema\/logo\/image\/","url":"https:\/\/mood-saintlaurent.com\/wp-content\/uploads\/2020\/07\/ElodieRicordAgence_MOOD_logo.png","contentUrl":"https:\/\/mood-saintlaurent.com\/wp-content\/uploads\/2020\/07\/ElodieRicordAgence_MOOD_logo.png","width":591,"height":591,"caption":"Mood-saintlaurent"},"image":{"@id":"https:\/\/mood-saintlaurent.com\/fr\/#\/schema\/logo\/image\/"},"sameAs":["https:\/\/www.facebook.com\/MOODStLaurent\/","https:\/\/www.instagram.com\/mood_stlaurent\/"]}]}},"_links":{"self":[{"href":"https:\/\/mood-saintlaurent.com\/en\/wp-json\/wp\/v2\/pages\/1016","targetHints":{"allow":["GET"]}}],"collection":[{"href":"https:\/\/mood-saintlaurent.com\/en\/wp-json\/wp\/v2\/pages"}],"about":[{"href":"https:\/\/mood-saintlaurent.com\/en\/wp-json\/wp\/v2\/types\/page"}],"author":[{"embeddable":true,"href":"https:\/\/mood-saintlaurent.com\/en\/wp-json\/wp\/v2\/users\/1"}],"replies":[{"embeddable":true,"href":"https:\/\/mood-saintlaurent.com\/en\/wp-json\/wp\/v2\/comments?post=1016"}],"version-history":[{"count":2,"href":"https:\/\/mood-saintlaurent.com\/en\/wp-json\/wp\/v2\/pages\/1016\/revisions"}],"predecessor-version":[{"id":3567,"href":"https:\/\/mood-saintlaurent.com\/en\/wp-json\/wp\/v2\/pages\/1016\/revisions\/3567"}],"wp:attachment":[{"href":"https:\/\/mood-saintlaurent.com\/en\/wp-json\/wp\/v2\/media?parent=1016"}],"curies":[{"name":"wp","href":"https:\/\/api.w.org\/{rel}","templated":true}]}}