{"id":1010,"date":"2020-08-25T07:47:42","date_gmt":"2020-08-25T07:47:42","guid":{"rendered":"https:\/\/mood-saintlaurent.com\/?page_id=1010"},"modified":"2026-02-02T11:33:08","modified_gmt":"2026-02-02T10:33:08","slug":"home-page","status":"publish","type":"page","link":"https:\/\/mood-saintlaurent.com\/en\/home-page\/","title":{"rendered":"Home page"},"content":{"rendered":"\n<p><strong><strong>Welcome to the<\/strong><\/strong><\/p>\n\n\n\n<p> <a href=\"https:\/\/mood-saintlaurent.com\/une-histoire-de-famille-et-d-amitie\/\">MOOD<\/a> <strong>restaurant<\/strong><\/p>\n\n\n\n<p><em>\u201cWe have designed this place just the way we like it, a relaxed atmosphere far from the French Riviera clich\u00e9s, a bistronomy-style cuisine that combines the great taste of fresh, local produce with contemporary Mediterranean cuisine.\u201d<\/em><\/p>\n\n\n\n<p>The MOOD restaurant is the fruit of a story of friendship and family. Our ambition is not to become the ultimate trendy spot but a convivial place where it is good to meet around beautiful plates and good wines. Everyone can enjoy sharing a home-made tapas platter after work with a pleasant musical background. The atmosphere evolves and adapts by the hour and according to the days of the week, to the MOOD of customers.&nbsp;<\/p>\n\n\n\n<p><\/p>\n\n\n\n<p><\/p>\n\n\n\n<p><\/p>\n\n\n\n<p><\/p>\n\n\n\n<p><\/p>\n\n\n\n<p><\/p>\n\n\n\n<p><\/p>\n\n\n\n<p><\/p>\n\n\n\n<p><\/p>\n\n\n\n<p><\/p>\n","protected":false},"excerpt":{"rendered":"<p>Welcome to the MOOD restaurant \u201cWe have designed this place just the way we like it, a relaxed atmosphere far from the French Riviera clich\u00e9s, a bistronomy-style cuisine that combines the great taste of fresh, local produce with contemporary Mediterranean cuisine.\u201d The MOOD restaurant is the fruit of a story of friendship and family. Our [&hellip;]<\/p>\n","protected":false},"author":1,"featured_media":0,"parent":0,"menu_order":0,"comment_status":"closed","ping_status":"closed","template":"","meta":{"footnotes":""},"class_list":["post-1010","page","type-page","status-publish","hentry"],"yoast_head":"<!-- This site is optimized with the Yoast SEO plugin v27.5 - https:\/\/yoast.com\/product\/yoast-seo-wordpress\/ -->\n<title>home -&quot;&quot; Mood-saintlaurent D\u00e9couvrez le nouveau restaurant Mood \u00e0 Saint Laurent du Var<\/title>\n<meta name=\"description\" content=\"Mood restaurant bistronomique sur le Port de saint laurent du var Bienvenue au nouveau restaurant MOOD \u00e0 Saint Laurent du Var. Venez d\u00e9couvrir notre univers et notre cuisine bistronomique faite \u00e0 partir de produits frais et locaux MOOD pour bien manger et se d\u00e9tendre Mood pour bien manger et se d\u00e9tendre\" \/>\n<meta name=\"robots\" content=\"index, follow, max-snippet:-1, max-image-preview:large, max-video-preview:-1\" \/>\n<link rel=\"canonical\" href=\"https:\/\/mood-saintlaurent.com\/en\/home-page\/\" \/>\n<meta property=\"og:locale\" content=\"en_US\" \/>\n<meta property=\"og:type\" content=\"article\" \/>\n<meta property=\"og:title\" content=\"home -&quot;&quot; Mood-saintlaurent D\u00e9couvrez le nouveau restaurant Mood \u00e0 Saint Laurent du Var\" \/>\n<meta property=\"og:description\" content=\"Mood restaurant bistronomique sur le Port de saint laurent du var Bienvenue au nouveau restaurant MOOD \u00e0 Saint Laurent du Var. Venez d\u00e9couvrir notre univers et notre cuisine bistronomique faite \u00e0 partir de produits frais et locaux MOOD pour bien manger et se d\u00e9tendre Mood pour bien manger et se d\u00e9tendre\" \/>\n<meta property=\"og:url\" content=\"https:\/\/mood-saintlaurent.com\/en\/home-page\/\" \/>\n<meta property=\"og:site_name\" content=\"Mood-saintlaurent\" \/>\n<meta property=\"article:publisher\" content=\"https:\/\/www.facebook.com\/MOODStLaurent\/\" \/>\n<meta property=\"article:modified_time\" content=\"2026-02-02T10:33:08+00:00\" \/>\n<meta property=\"og:image\" content=\"https:\/\/mood-saintlaurent.com\/wp-content\/uploads\/2020\/10\/ambiance_MOOD_001-scaled.jpg\" \/>\n\t<meta property=\"og:image:width\" content=\"2560\" \/>\n\t<meta property=\"og:image:height\" content=\"1707\" \/>\n\t<meta property=\"og:image:type\" content=\"image\/jpeg\" \/>\n<meta name=\"twitter:card\" content=\"summary_large_image\" \/>\n<meta name=\"twitter:label1\" content=\"Est. reading time\" \/>\n\t<meta name=\"twitter:data1\" content=\"1 minute\" \/>\n<script type=\"application\/ld+json\" class=\"yoast-schema-graph\">{\"@context\":\"https:\\\/\\\/schema.org\",\"@graph\":[{\"@type\":\"WebPage\",\"@id\":\"https:\\\/\\\/mood-saintlaurent.com\\\/en\\\/home-page\\\/\",\"url\":\"https:\\\/\\\/mood-saintlaurent.com\\\/en\\\/home-page\\\/\",\"name\":\"home -\\\"\\\" Mood-saintlaurent D\u00e9couvrez le nouveau restaurant Mood \u00e0 Saint Laurent du Var\",\"isPartOf\":{\"@id\":\"https:\\\/\\\/mood-saintlaurent.com\\\/fr\\\/#website\"},\"datePublished\":\"2020-08-25T07:47:42+00:00\",\"dateModified\":\"2026-02-02T10:33:08+00:00\",\"description\":\"Mood restaurant bistronomique sur le Port de saint laurent du var Bienvenue au nouveau restaurant MOOD \u00e0 Saint Laurent du Var. Venez d\u00e9couvrir notre univers et notre cuisine bistronomique faite \u00e0 partir de produits frais et locaux MOOD pour bien manger et se d\u00e9tendre Mood pour bien manger et se d\u00e9tendre\",\"inLanguage\":\"en-US\",\"potentialAction\":[{\"@type\":\"ReadAction\",\"target\":[\"https:\\\/\\\/mood-saintlaurent.com\\\/en\\\/home-page\\\/\"]}]},{\"@type\":\"WebSite\",\"@id\":\"https:\\\/\\\/mood-saintlaurent.com\\\/fr\\\/#website\",\"url\":\"https:\\\/\\\/mood-saintlaurent.com\\\/fr\\\/\",\"name\":\"Mood-saintlaurent\",\"description\":\"MOOD pour bien manger et se d\u00e9tendre\",\"publisher\":{\"@id\":\"https:\\\/\\\/mood-saintlaurent.com\\\/fr\\\/#organization\"},\"potentialAction\":[{\"@type\":\"SearchAction\",\"target\":{\"@type\":\"EntryPoint\",\"urlTemplate\":\"https:\\\/\\\/mood-saintlaurent.com\\\/fr\\\/?s={search_term_string}\"},\"query-input\":{\"@type\":\"PropertyValueSpecification\",\"valueRequired\":true,\"valueName\":\"search_term_string\"}}],\"inLanguage\":\"en-US\"},{\"@type\":\"Organization\",\"@id\":\"https:\\\/\\\/mood-saintlaurent.com\\\/fr\\\/#organization\",\"name\":\"Mood-saintlaurent\",\"url\":\"https:\\\/\\\/mood-saintlaurent.com\\\/fr\\\/\",\"logo\":{\"@type\":\"ImageObject\",\"inLanguage\":\"en-US\",\"@id\":\"https:\\\/\\\/mood-saintlaurent.com\\\/fr\\\/#\\\/schema\\\/logo\\\/image\\\/\",\"url\":\"https:\\\/\\\/mood-saintlaurent.com\\\/wp-content\\\/uploads\\\/2020\\\/07\\\/ElodieRicordAgence_MOOD_logo.png\",\"contentUrl\":\"https:\\\/\\\/mood-saintlaurent.com\\\/wp-content\\\/uploads\\\/2020\\\/07\\\/ElodieRicordAgence_MOOD_logo.png\",\"width\":591,\"height\":591,\"caption\":\"Mood-saintlaurent\"},\"image\":{\"@id\":\"https:\\\/\\\/mood-saintlaurent.com\\\/fr\\\/#\\\/schema\\\/logo\\\/image\\\/\"},\"sameAs\":[\"https:\\\/\\\/www.facebook.com\\\/MOODStLaurent\\\/\",\"https:\\\/\\\/www.instagram.com\\\/mood_stlaurent\\\/\"]}]}<\/script>\n<!-- \/ Yoast SEO plugin. -->","yoast_head_json":{"title":"home -\"\" Mood-saintlaurent D\u00e9couvrez le nouveau restaurant Mood \u00e0 Saint Laurent du Var","description":"Mood restaurant bistronomique sur le Port de saint laurent du var Bienvenue au nouveau restaurant MOOD \u00e0 Saint Laurent du Var. Venez d\u00e9couvrir notre univers et notre cuisine bistronomique faite \u00e0 partir de produits frais et locaux MOOD pour bien manger et se d\u00e9tendre Mood pour bien manger et se d\u00e9tendre","robots":{"index":"index","follow":"follow","max-snippet":"max-snippet:-1","max-image-preview":"max-image-preview:large","max-video-preview":"max-video-preview:-1"},"canonical":"https:\/\/mood-saintlaurent.com\/en\/home-page\/","og_locale":"en_US","og_type":"article","og_title":"home -\"\" Mood-saintlaurent D\u00e9couvrez le nouveau restaurant Mood \u00e0 Saint Laurent du Var","og_description":"Mood restaurant bistronomique sur le Port de saint laurent du var Bienvenue au nouveau restaurant MOOD \u00e0 Saint Laurent du Var. Venez d\u00e9couvrir notre univers et notre cuisine bistronomique faite \u00e0 partir de produits frais et locaux MOOD pour bien manger et se d\u00e9tendre Mood pour bien manger et se d\u00e9tendre","og_url":"https:\/\/mood-saintlaurent.com\/en\/home-page\/","og_site_name":"Mood-saintlaurent","article_publisher":"https:\/\/www.facebook.com\/MOODStLaurent\/","article_modified_time":"2026-02-02T10:33:08+00:00","og_image":[{"width":2560,"height":1707,"url":"https:\/\/mood-saintlaurent.com\/wp-content\/uploads\/2020\/10\/ambiance_MOOD_001-scaled.jpg","type":"image\/jpeg"}],"twitter_card":"summary_large_image","twitter_misc":{"Est. reading time":"1 minute"},"schema":{"@context":"https:\/\/schema.org","@graph":[{"@type":"WebPage","@id":"https:\/\/mood-saintlaurent.com\/en\/home-page\/","url":"https:\/\/mood-saintlaurent.com\/en\/home-page\/","name":"home -\"\" Mood-saintlaurent D\u00e9couvrez le nouveau restaurant Mood \u00e0 Saint Laurent du Var","isPartOf":{"@id":"https:\/\/mood-saintlaurent.com\/fr\/#website"},"datePublished":"2020-08-25T07:47:42+00:00","dateModified":"2026-02-02T10:33:08+00:00","description":"Mood restaurant bistronomique sur le Port de saint laurent du var Bienvenue au nouveau restaurant MOOD \u00e0 Saint Laurent du Var. Venez d\u00e9couvrir notre univers et notre cuisine bistronomique faite \u00e0 partir de produits frais et locaux MOOD pour bien manger et se d\u00e9tendre Mood pour bien manger et se d\u00e9tendre","inLanguage":"en-US","potentialAction":[{"@type":"ReadAction","target":["https:\/\/mood-saintlaurent.com\/en\/home-page\/"]}]},{"@type":"WebSite","@id":"https:\/\/mood-saintlaurent.com\/fr\/#website","url":"https:\/\/mood-saintlaurent.com\/fr\/","name":"Mood-saintlaurent","description":"MOOD pour bien manger et se d\u00e9tendre","publisher":{"@id":"https:\/\/mood-saintlaurent.com\/fr\/#organization"},"potentialAction":[{"@type":"SearchAction","target":{"@type":"EntryPoint","urlTemplate":"https:\/\/mood-saintlaurent.com\/fr\/?s={search_term_string}"},"query-input":{"@type":"PropertyValueSpecification","valueRequired":true,"valueName":"search_term_string"}}],"inLanguage":"en-US"},{"@type":"Organization","@id":"https:\/\/mood-saintlaurent.com\/fr\/#organization","name":"Mood-saintlaurent","url":"https:\/\/mood-saintlaurent.com\/fr\/","logo":{"@type":"ImageObject","inLanguage":"en-US","@id":"https:\/\/mood-saintlaurent.com\/fr\/#\/schema\/logo\/image\/","url":"https:\/\/mood-saintlaurent.com\/wp-content\/uploads\/2020\/07\/ElodieRicordAgence_MOOD_logo.png","contentUrl":"https:\/\/mood-saintlaurent.com\/wp-content\/uploads\/2020\/07\/ElodieRicordAgence_MOOD_logo.png","width":591,"height":591,"caption":"Mood-saintlaurent"},"image":{"@id":"https:\/\/mood-saintlaurent.com\/fr\/#\/schema\/logo\/image\/"},"sameAs":["https:\/\/www.facebook.com\/MOODStLaurent\/","https:\/\/www.instagram.com\/mood_stlaurent\/"]}]}},"_links":{"self":[{"href":"https:\/\/mood-saintlaurent.com\/en\/wp-json\/wp\/v2\/pages\/1010","targetHints":{"allow":["GET"]}}],"collection":[{"href":"https:\/\/mood-saintlaurent.com\/en\/wp-json\/wp\/v2\/pages"}],"about":[{"href":"https:\/\/mood-saintlaurent.com\/en\/wp-json\/wp\/v2\/types\/page"}],"author":[{"embeddable":true,"href":"https:\/\/mood-saintlaurent.com\/en\/wp-json\/wp\/v2\/users\/1"}],"replies":[{"embeddable":true,"href":"https:\/\/mood-saintlaurent.com\/en\/wp-json\/wp\/v2\/comments?post=1010"}],"version-history":[{"count":5,"href":"https:\/\/mood-saintlaurent.com\/en\/wp-json\/wp\/v2\/pages\/1010\/revisions"}],"predecessor-version":[{"id":3968,"href":"https:\/\/mood-saintlaurent.com\/en\/wp-json\/wp\/v2\/pages\/1010\/revisions\/3968"}],"wp:attachment":[{"href":"https:\/\/mood-saintlaurent.com\/en\/wp-json\/wp\/v2\/media?parent=1010"}],"curies":[{"name":"wp","href":"https:\/\/api.w.org\/{rel}","templated":true}]}}